{"id":9756,"date":"2018-03-07T18:10:32","date_gmt":"2018-03-07T18:10:32","guid":{"rendered":"https:\/\/www.scsconcept.com\/?page_id=9756"},"modified":"2018-03-20T19:13:39","modified_gmt":"2018-03-20T19:13:39","slug":"simuladores-de-junta","status":"publish","type":"page","link":"https:\/\/www.scsconcept.com\/pt-br\/simuladores-de-junta\/","title":{"rendered":"Simuladores de junta"},"content":{"rendered":"<section class=\"wpb-content-wrapper\"><p>[vc_row dfd_row_config=&#8221;full_width_content&#8221; dfd_row_responsive_enable=&#8221;dfd-row-responsive-enable&#8221; dfd_bg_style=&#8221;image&#8221; dfd_parallax_style=&#8221;dfd_vertical_parallax&#8221; dfd_bg_image_new=&#8221;5704&#8243; dfd_overlay_color=&#8221;#ffffff&#8221; dfd_overlay_pattern=&#8221;transperant&#8221; dfd_overlay_pattern_opacity=&#8221;85&#8243; css=&#8221;.vc_custom_1517271725287{padding-right: 5% !important;padding-left: 5% !important;}&#8221; responsive_styles=&#8221;padding_left_desktop:20|padding_right_desktop:20|padding_left_tablet:20|padding_right_tablet:20|padding_left_mobile:10|padding_right_mobile:10&#8243;][vc_column dfd_column_responsive_enable=&#8221;dfd-column-responsive-enable&#8221; responsive_styles=&#8221;padding_left_mobile:10|padding_right_mobile:10&#8243;][vc_row_inner][vc_column_inner dfd_column_responsive_enable=&#8221;dfd-column-responsive-enable&#8221; css=&#8221;.vc_custom_1503581599802{padding-right: 20% !important;padding-left: 20% !important;}&#8221; responsive_styles=&#8221;padding_left_desktop:80|padding_right_desktop:80|padding_left_tablet:10|padding_right_tablet:10|padding_left_mobile:10|padding_right_mobile:10&#8243;]<div class=\"dfd-spacer-module\"  data-units=\"px\" data-wide_resolution=\"1280\" data-wide_size=\"100\" data-normal_resolution=\"1024\" data-normal_size=\"60\" data-tablet_resolution=\"800\" data-tablet_size=\"40\" data-mobile_resolution=\"480\" data-mobile_size=\"40\" style=\"height: 100px;\"><\/div><div class=\"dfd-heading-shortcode\"><div class=\"dfd-heading-module-wrap  text-center style_01 cr-animate-gen dfd-heading-69de395d0515e dfd-disable-resposive-headings\" id=\"dfd-heading-69de395d0515e\" data-animate-type = \"transition.expandIn\" ><div class=\"inline-block\"><div class=\"dfd-heading-module\"><h1 class=\"widget-title dfd-title \" style=\"\">Simuladores de Junta<br \/>\n<\/h1><div class=\"dfd-heading-delimiter dfd-img-lazy-load\"><\/div><\/div><\/div><\/div><script type=\"text\/javascript\">\r\n\t\t\t\t\t\t\t\t\t(function($) {\r\n\t\t\t\t\t\t\t\t\t\t$(\"head\").append(\"<style>.dfd-heading-69de395d0515e.dfd-heading-module-wrap .dfd-heading-module .dfd-heading-delimiter {border-bottom-style:solid;border-bottom-width:1px;width:140px;border-bottom-color:#ea5d1c;}.dfd-heading-69de395d0515e .dfd-heading-module .widget-title {margin-bottom:15px;}.dfd-heading-69de395d0515e.dfd-heading-module-wrap .dfd-heading-module .dfd-heading-delimiter {margin-top:30px;margin-bottom:10px;}<\/style>\");\r\n\t\t\t\t\t\t\t\t\t})(jQuery);\r\n\t\t\t\t\t\t\t\t<\/script><\/div><div class=\"dfd-spacer-module\"  data-units=\"px\" data-wide_resolution=\"1280\" data-wide_size=\"30\" data-normal_resolution=\"1024\" data-normal_size=\"30\" data-tablet_resolution=\"800\" data-tablet_size=\"30\" data-mobile_resolution=\"480\" data-mobile_size=\"30\" style=\"height: 30px;\"><\/div>[\/vc_column_inner][\/vc_row_inner][vc_row_inner][vc_column_inner width=&#8221;1\/2&#8243;]<div class=\"dfd-spacer-module\"  data-units=\"px\" data-wide_resolution=\"1280\" data-wide_size=\"80\" data-normal_resolution=\"1024\" data-normal_size=\"40\" data-tablet_resolution=\"800\" data-tablet_size=\"40\" data-mobile_resolution=\"480\" data-mobile_size=\"20\" style=\"height: 80px;\"><\/div><div class=\"dfd-heading-shortcode\"><div class=\"dfd-heading-module-wrap  text-left style_01 dfd-heading-69de395d05401 dfd-disable-resposive-headings\" id=\"dfd-heading-69de395d05401\" ><div class=\"inline-block\"><div class=\"dfd-heading-module\"><h2 class=\"widget-title dfd-title \" style=\"font-size: 35px; color: #565656 !important; line-height: 30px; \">Simuladores de Junta<\/h2><div class=\"dfd-heading-delimiter dfd-img-lazy-load\"><\/div><\/div><\/div><\/div><script type=\"text\/javascript\">\r\n\t\t\t\t\t\t\t\t\t(function($) {\r\n\t\t\t\t\t\t\t\t\t\t$(\"head\").append(\"<style>.dfd-heading-69de395d05401.dfd-heading-module-wrap .dfd-heading-module .dfd-heading-delimiter {border-bottom-style:solid;border-bottom-width:1px;width:240px;border-bottom-color:#ea5d1c;}.dfd-heading-69de395d05401 .dfd-heading-module .widget-title {margin-bottom:20px;}.dfd-heading-69de395d05401.dfd-heading-module-wrap .dfd-heading-module .dfd-heading-delimiter {margin-top:10px;margin-bottom:10px;}@media (max-width: 799px){.dfd-heading-69de395d05401 .dfd-title{line-height: 42px !important;}}@media only screen and (max-width: 799px) {.dfd-heading-69de395d05401 {text-align: center;}}<\/style>\");\r\n\t\t\t\t\t\t\t\t\t})(jQuery);\r\n\t\t\t\t\t\t\t\t<\/script><\/div>[vc_column_text css=&#8221;.vc_custom_1520446398568{padding-bottom: 8px !important;}&#8221;]<\/p>\n<p class=\"p1\">Eles atuam como um parafuso real. Eles s\u00e3o montados no transdutor de torque est\u00e1tico (Freedom SMC, SMCI e transdutores bancada\u00a0<a href=\"http:\/\/scsconcept.br.com\/bancada-de-teste-de-simulacao-de-junta\/\">FTY,<\/a>\u00a0<a href=\"http:\/\/scsconcept.br.com\/bancada-de-teste-estatico-para-torquimetros-chaves-de-torque-apertadeiras\/\">MSB<\/a>,\u00a0<a href=\"http:\/\/scsconcept.br.com\/bancada-de-teste-micro-estatico-para-chaves-de-torque-parafusadeiras\/\">Micro<\/a>).<\/p>\n<p>[\/vc_column_text][vc_column_text]Permitem \u00e0 ferramenta girar, tornando poss\u00edvel o teste de apertadeiras (ferramenta el\u00e9trica, hidr\u00e1ulica, ferramentas de pulso hidr\u00e1ulicas com v\u00e1lvula de desligamento) em transdutores est\u00e1ticos.[\/vc_column_text]<div class=\"dfd-spacer-module\"  data-units=\"px\" data-wide_resolution=\"1280\" data-wide_size=\"40\" data-normal_resolution=\"1024\" data-normal_size=\"40\" data-tablet_resolution=\"800\" data-tablet_size=\"20\" data-mobile_resolution=\"480\" data-mobile_size=\"20\" style=\"height: 40px;\"><\/div>[vc_column_text]<\/p>\n<div class=\"button-position\"><a class=\"button-layout\" href=\"http:\/\/www.scsconcept.com\/brochure\/pt-br\/Models-and-codes-Purchase_Joint_Simulators.pdf\" target=\"_blank\" rel=\"noopener\"><strong>Models<\/strong> and <strong>Codes<\/strong> Purchase<\/a><\/div>\n<p>[\/vc_column_text]<div class=\"dfd-spacer-module\"  data-units=\"px\" data-wide_resolution=\"1280\" data-wide_size=\"20\" data-normal_resolution=\"1024\" data-normal_size=\"20\" data-tablet_resolution=\"800\" data-tablet_size=\"20\" data-mobile_resolution=\"480\" data-mobile_size=\"20\" style=\"height: 20px;\"><\/div>[\/vc_column_inner][vc_column_inner width=&#8221;1\/2&#8243;]<div class=\"dfd-spacer-module\"  data-units=\"px\" data-wide_resolution=\"1280\" data-wide_size=\"20\" data-normal_resolution=\"1024\" data-normal_size=\"20\" data-tablet_resolution=\"800\" data-tablet_size=\"20\" data-mobile_resolution=\"480\" data-mobile_size=\"20\" style=\"height: 20px;\"><\/div><div id=\"dfd-single-image-module69de395d05e53-7741\" class=\"dfd-single-image-module  image-center  cr-animate-gen dfd-img-lazy-load\" data-animate-type = \"transition.fadeIn\" ><img  title=\"Simuladores de junta\" loading=\"lazy\" decoding=\"async\" src=\"data:image\/svg+xml;charset=utf-8,%3Csvg xmlns%3D'http%3A%2F%2Fwww.w3.org%2F2000%2Fsvg' viewBox%3D'0 0 1000 563'%2F%3E\" data-src=\"https:\/\/www.scsconcept.com\/wp-content\/uploads\/2018\/01\/simulatori-di-giunto-trasduttori.jpg\" width=\"1000\" height=\"563\"   alt=\"Simuladores de junta\"  \/><\/div><div class=\"dfd-spacer-module\"  data-units=\"px\" data-wide_resolution=\"1280\" data-wide_size=\"20\" data-normal_resolution=\"1024\" data-normal_size=\"20\" data-tablet_resolution=\"800\" data-tablet_size=\"20\" data-mobile_resolution=\"480\" data-mobile_size=\"20\" style=\"height: 20px;\"><\/div>[\/vc_column_inner][\/vc_row_inner]<div class=\"dfd-spacer-module\"  data-units=\"px\" data-wide_resolution=\"1280\" data-wide_size=\"80\" data-normal_resolution=\"1024\" data-normal_size=\"40\" data-tablet_resolution=\"800\" data-tablet_size=\"40\" data-mobile_resolution=\"480\" data-mobile_size=\"20\" style=\"height: 80px;\"><\/div>[\/vc_column][\/vc_row]<\/p>\n<\/section>","protected":false},"excerpt":{"rendered":"<p>[vc_row dfd_row_config=&#8221;full_width_content&#8221; dfd_row_responsive_enable=&#8221;dfd-row-responsive-enable&#8221; dfd_bg_style=&#8221;image&#8221; dfd_parallax_style=&#8221;dfd_vertical_parallax&#8221; dfd_bg_image_new=&#8221;5704&#8243; dfd_overlay_color=&#8221;#ffffff&#8221; dfd_overlay_pattern=&#8221;transperant&#8221; dfd_overlay_pattern_opacity=&#8221;85&#8243; css=&#8221;.vc_custom_1517271725287{padding-right: 5% !important;padding-left: 5% !important;}&#8221; responsive_styles=&#8221;padding_left_desktop:20|padding_right_desktop:20|padding_left_tablet:20|padding_right_tablet:20|padding_left_mobile:10|padding_right_mobile:10&#8243;][vc_column dfd_column_responsive_enable=&#8221;dfd-column-responsive-enable&#8221; responsive_styles=&#8221;padding_left_mobile:10|padding_right_mobile:10&#8243;][vc_row_inner][vc_column_inner dfd_column_responsive_enable=&#8221;dfd-column-responsive-enable&#8221; css=&#8221;.vc_custom_1503581599802{padding-right: 20% !important;padding-left: 20% !important;}&#8221; responsive_styles=&#8221;padding_left_desktop:80|padding_right_desktop:80|padding_left_tablet:10|padding_right_tablet:10|padding_left_mobile:10|padding_right_mobile:10&#8243;][\/vc_column_inner][\/vc_row_inner][vc_row_inner][vc_column_inner width=&#8221;1\/2&#8243;][vc_column_text css=&#8221;.vc_custom_1520446398568{padding-bottom: 8px !important;}&#8221;] Eles atuam<\/p>\n","protected":false},"author":5,"featured_media":0,"parent":0,"menu_order":0,"comment_status":"closed","ping_status":"closed","template":"page-custom.php","meta":{"footnotes":""},"class_list":["post-9756","page","type-page","status-publish","hentry"],"acf":[],"yoast_head":"<!-- This site is optimized with the Yoast SEO plugin v20.5 - https:\/\/yoast.com\/wordpress\/plugins\/seo\/ -->\n<title>Simuladores de junta - SCS Concept<\/title>\n<meta name=\"robots\" content=\"index, follow, max-snippet:-1, max-image-preview:large, max-video-preview:-1\" \/>\n<link rel=\"canonical\" href=\"https:\/\/www.scsconcept.com\/pt-br\/simuladores-de-junta\/\" \/>\n<meta property=\"og:locale\" content=\"pt_BR\" \/>\n<meta property=\"og:type\" content=\"article\" \/>\n<meta property=\"og:title\" content=\"Simuladores de junta - SCS Concept\" \/>\n<meta property=\"og:description\" content=\"[vc_row dfd_row_config=&#8221;full_width_content&#8221; dfd_row_responsive_enable=&#8221;dfd-row-responsive-enable&#8221; dfd_bg_style=&#8221;image&#8221; dfd_parallax_style=&#8221;dfd_vertical_parallax&#8221; dfd_bg_image_new=&#8221;5704&#8243; dfd_overlay_color=&#8221;#ffffff&#8221; dfd_overlay_pattern=&#8221;transperant&#8221; dfd_overlay_pattern_opacity=&#8221;85&#8243; css=&#8221;.vc_custom_1517271725287{padding-right: 5% !important;padding-left: 5% !important;}&#8221; responsive_styles=&#8221;padding_left_desktop:20|padding_right_desktop:20|padding_left_tablet:20|padding_right_tablet:20|padding_left_mobile:10|padding_right_mobile:10&#8243;][vc_column dfd_column_responsive_enable=&#8221;dfd-column-responsive-enable&#8221; responsive_styles=&#8221;padding_left_mobile:10|padding_right_mobile:10&#8243;][vc_row_inner][vc_column_inner dfd_column_responsive_enable=&#8221;dfd-column-responsive-enable&#8221; css=&#8221;.vc_custom_1503581599802{padding-right: 20% !important;padding-left: 20% !important;}&#8221; responsive_styles=&#8221;padding_left_desktop:80|padding_right_desktop:80|padding_left_tablet:10|padding_right_tablet:10|padding_left_mobile:10|padding_right_mobile:10&#8243;][\/vc_column_inner][\/vc_row_inner][vc_row_inner][vc_column_inner width=&#8221;1\/2&#8243;][vc_column_text css=&#8221;.vc_custom_1520446398568{padding-bottom: 8px !important;}&#8221;] Eles atuam\" \/>\n<meta property=\"og:url\" content=\"https:\/\/www.scsconcept.com\/pt-br\/simuladores-de-junta\/\" \/>\n<meta property=\"og:site_name\" content=\"SCS Concept\" \/>\n<meta property=\"article:modified_time\" content=\"2018-03-20T19:13:39+00:00\" \/>\n<meta name=\"twitter:card\" content=\"summary_large_image\" \/>\n<meta name=\"twitter:label1\" content=\"Est. tempo de leitura\" \/>\n\t<meta name=\"twitter:data1\" content=\"3 minutos\" \/>\n<script type=\"application\/ld+json\" class=\"yoast-schema-graph\">{\"@context\":\"https:\/\/schema.org\",\"@graph\":[{\"@type\":\"WebPage\",\"@id\":\"https:\/\/www.scsconcept.com\/pt-br\/simuladores-de-junta\/\",\"url\":\"https:\/\/www.scsconcept.com\/pt-br\/simuladores-de-junta\/\",\"name\":\"Simuladores de junta - SCS Concept\",\"isPartOf\":{\"@id\":\"https:\/\/www.scsconcept.com\/#website\"},\"datePublished\":\"2018-03-07T18:10:32+00:00\",\"dateModified\":\"2018-03-20T19:13:39+00:00\",\"breadcrumb\":{\"@id\":\"https:\/\/www.scsconcept.com\/pt-br\/simuladores-de-junta\/#breadcrumb\"},\"inLanguage\":\"pt-BR\",\"potentialAction\":[{\"@type\":\"ReadAction\",\"target\":[\"https:\/\/www.scsconcept.com\/pt-br\/simuladores-de-junta\/\"]}]},{\"@type\":\"BreadcrumbList\",\"@id\":\"https:\/\/www.scsconcept.com\/pt-br\/simuladores-de-junta\/#breadcrumb\",\"itemListElement\":[{\"@type\":\"ListItem\",\"position\":1,\"name\":\"Home\",\"item\":\"https:\/\/www.scsconcept.com\/pt-br\/\"},{\"@type\":\"ListItem\",\"position\":2,\"name\":\"Simuladores de junta\"}]},{\"@type\":\"WebSite\",\"@id\":\"https:\/\/www.scsconcept.com\/#website\",\"url\":\"https:\/\/www.scsconcept.com\/\",\"name\":\"SCS Concept\",\"description\":\"Soluzioni Avanzate per il serraggio e controllo qualit\u00e0\",\"publisher\":{\"@id\":\"https:\/\/www.scsconcept.com\/#organization\"},\"potentialAction\":[{\"@type\":\"SearchAction\",\"target\":{\"@type\":\"EntryPoint\",\"urlTemplate\":\"https:\/\/www.scsconcept.com\/?s={search_term_string}\"},\"query-input\":\"required name=search_term_string\"}],\"inLanguage\":\"pt-BR\"},{\"@type\":\"Organization\",\"@id\":\"https:\/\/www.scsconcept.com\/#organization\",\"name\":\"SCS Concept\",\"url\":\"https:\/\/www.scsconcept.com\/\",\"logo\":{\"@type\":\"ImageObject\",\"inLanguage\":\"pt-BR\",\"@id\":\"https:\/\/www.scsconcept.com\/#\/schema\/logo\/image\/\",\"url\":\"http:\/\/www.scsconcept.com\/wp-content\/uploads\/2018\/01\/scs-concept-group-200.png\",\"contentUrl\":\"http:\/\/www.scsconcept.com\/wp-content\/uploads\/2018\/01\/scs-concept-group-200.png\",\"width\":200,\"height\":200,\"caption\":\"SCS Concept\"},\"image\":{\"@id\":\"https:\/\/www.scsconcept.com\/#\/schema\/logo\/image\/\"}}]}<\/script>\n<!-- \/ Yoast SEO plugin. -->","yoast_head_json":{"title":"Simuladores de junta - SCS Concept","robots":{"index":"index","follow":"follow","max-snippet":"max-snippet:-1","max-image-preview":"max-image-preview:large","max-video-preview":"max-video-preview:-1"},"canonical":"https:\/\/www.scsconcept.com\/pt-br\/simuladores-de-junta\/","og_locale":"pt_BR","og_type":"article","og_title":"Simuladores de junta - SCS Concept","og_description":"[vc_row dfd_row_config=&#8221;full_width_content&#8221; dfd_row_responsive_enable=&#8221;dfd-row-responsive-enable&#8221; dfd_bg_style=&#8221;image&#8221; dfd_parallax_style=&#8221;dfd_vertical_parallax&#8221; dfd_bg_image_new=&#8221;5704&#8243; dfd_overlay_color=&#8221;#ffffff&#8221; dfd_overlay_pattern=&#8221;transperant&#8221; dfd_overlay_pattern_opacity=&#8221;85&#8243; css=&#8221;.vc_custom_1517271725287{padding-right: 5% !important;padding-left: 5% !important;}&#8221; responsive_styles=&#8221;padding_left_desktop:20|padding_right_desktop:20|padding_left_tablet:20|padding_right_tablet:20|padding_left_mobile:10|padding_right_mobile:10&#8243;][vc_column dfd_column_responsive_enable=&#8221;dfd-column-responsive-enable&#8221; responsive_styles=&#8221;padding_left_mobile:10|padding_right_mobile:10&#8243;][vc_row_inner][vc_column_inner dfd_column_responsive_enable=&#8221;dfd-column-responsive-enable&#8221; css=&#8221;.vc_custom_1503581599802{padding-right: 20% !important;padding-left: 20% !important;}&#8221; responsive_styles=&#8221;padding_left_desktop:80|padding_right_desktop:80|padding_left_tablet:10|padding_right_tablet:10|padding_left_mobile:10|padding_right_mobile:10&#8243;][\/vc_column_inner][\/vc_row_inner][vc_row_inner][vc_column_inner width=&#8221;1\/2&#8243;][vc_column_text css=&#8221;.vc_custom_1520446398568{padding-bottom: 8px !important;}&#8221;] Eles atuam","og_url":"https:\/\/www.scsconcept.com\/pt-br\/simuladores-de-junta\/","og_site_name":"SCS Concept","article_modified_time":"2018-03-20T19:13:39+00:00","twitter_card":"summary_large_image","twitter_misc":{"Est. tempo de leitura":"3 minutos"},"schema":{"@context":"https:\/\/schema.org","@graph":[{"@type":"WebPage","@id":"https:\/\/www.scsconcept.com\/pt-br\/simuladores-de-junta\/","url":"https:\/\/www.scsconcept.com\/pt-br\/simuladores-de-junta\/","name":"Simuladores de junta - SCS Concept","isPartOf":{"@id":"https:\/\/www.scsconcept.com\/#website"},"datePublished":"2018-03-07T18:10:32+00:00","dateModified":"2018-03-20T19:13:39+00:00","breadcrumb":{"@id":"https:\/\/www.scsconcept.com\/pt-br\/simuladores-de-junta\/#breadcrumb"},"inLanguage":"pt-BR","potentialAction":[{"@type":"ReadAction","target":["https:\/\/www.scsconcept.com\/pt-br\/simuladores-de-junta\/"]}]},{"@type":"BreadcrumbList","@id":"https:\/\/www.scsconcept.com\/pt-br\/simuladores-de-junta\/#breadcrumb","itemListElement":[{"@type":"ListItem","position":1,"name":"Home","item":"https:\/\/www.scsconcept.com\/pt-br\/"},{"@type":"ListItem","position":2,"name":"Simuladores de junta"}]},{"@type":"WebSite","@id":"https:\/\/www.scsconcept.com\/#website","url":"https:\/\/www.scsconcept.com\/","name":"SCS Concept","description":"Soluzioni Avanzate per il serraggio e controllo qualit\u00e0","publisher":{"@id":"https:\/\/www.scsconcept.com\/#organization"},"potentialAction":[{"@type":"SearchAction","target":{"@type":"EntryPoint","urlTemplate":"https:\/\/www.scsconcept.com\/?s={search_term_string}"},"query-input":"required name=search_term_string"}],"inLanguage":"pt-BR"},{"@type":"Organization","@id":"https:\/\/www.scsconcept.com\/#organization","name":"SCS Concept","url":"https:\/\/www.scsconcept.com\/","logo":{"@type":"ImageObject","inLanguage":"pt-BR","@id":"https:\/\/www.scsconcept.com\/#\/schema\/logo\/image\/","url":"http:\/\/www.scsconcept.com\/wp-content\/uploads\/2018\/01\/scs-concept-group-200.png","contentUrl":"http:\/\/www.scsconcept.com\/wp-content\/uploads\/2018\/01\/scs-concept-group-200.png","width":200,"height":200,"caption":"SCS Concept"},"image":{"@id":"https:\/\/www.scsconcept.com\/#\/schema\/logo\/image\/"}}]}},"_links":{"self":[{"href":"https:\/\/www.scsconcept.com\/pt-br\/wp-json\/wp\/v2\/pages\/9756","targetHints":{"allow":["GET"]}}],"collection":[{"href":"https:\/\/www.scsconcept.com\/pt-br\/wp-json\/wp\/v2\/pages"}],"about":[{"href":"https:\/\/www.scsconcept.com\/pt-br\/wp-json\/wp\/v2\/types\/page"}],"author":[{"embeddable":true,"href":"https:\/\/www.scsconcept.com\/pt-br\/wp-json\/wp\/v2\/users\/5"}],"replies":[{"embeddable":true,"href":"https:\/\/www.scsconcept.com\/pt-br\/wp-json\/wp\/v2\/comments?post=9756"}],"version-history":[{"count":5,"href":"https:\/\/www.scsconcept.com\/pt-br\/wp-json\/wp\/v2\/pages\/9756\/revisions"}],"predecessor-version":[{"id":13927,"href":"https:\/\/www.scsconcept.com\/pt-br\/wp-json\/wp\/v2\/pages\/9756\/revisions\/13927"}],"wp:attachment":[{"href":"https:\/\/www.scsconcept.com\/pt-br\/wp-json\/wp\/v2\/media?parent=9756"}],"curies":[{"name":"wp","href":"https:\/\/api.w.org\/{rel}","templated":true}]}}