{"id":9689,"date":"2018-03-07T16:50:37","date_gmt":"2018-03-07T16:50:37","guid":{"rendered":"https:\/\/www.scsconcept.com\/?page_id=9689"},"modified":"2021-09-03T13:38:13","modified_gmt":"2021-09-03T13:38:13","slug":"datatouch3-analisador-de-dados-de-torque-angulo","status":"publish","type":"page","link":"https:\/\/www.scsconcept.com\/pt-br\/datatouch3-analisador-de-dados-de-torque-angulo\/","title":{"rendered":"DataTouch3 \u2013 Analisador de dados de torque-\u00e2ngulo"},"content":{"rendered":"<section class=\"wpb-content-wrapper\"><p>[vc_row dfd_row_config=&#8221;full_width_content&#8221; dfd_row_responsive_enable=&#8221;dfd-row-responsive-enable&#8221; dfd_bg_style=&#8221;image&#8221; dfd_parallax_style=&#8221;dfd_vertical_parallax&#8221; dfd_bg_image_new=&#8221;6065&#8243; dfd_overlay_color=&#8221;#ffffff&#8221; dfd_overlay_pattern=&#8221;transperant&#8221; dfd_overlay_pattern_opacity=&#8221;85&#8243; css=&#8221;.vc_custom_1518006732673{padding-right: 5% !important;padding-left: 5% !important;}&#8221; responsive_styles=&#8221;padding_left_desktop:20|padding_right_desktop:20|padding_left_tablet:20|padding_right_tablet:20|padding_left_mobile:10|padding_right_mobile:10&#8243;][vc_column dfd_column_responsive_enable=&#8221;dfd-column-responsive-enable&#8221; responsive_styles=&#8221;padding_left_mobile:10|padding_right_mobile:10&#8243;][vc_row_inner][vc_column_inner dfd_column_responsive_enable=&#8221;dfd-column-responsive-enable&#8221; css=&#8221;.vc_custom_1503581599802{padding-right: 20% !important;padding-left: 20% !important;}&#8221; responsive_styles=&#8221;padding_left_desktop:80|padding_right_desktop:80|padding_left_tablet:10|padding_right_tablet:10|padding_left_mobile:10|padding_right_mobile:10&#8243;]<div class=\"dfd-spacer-module\"  data-units=\"px\" data-wide_resolution=\"1280\" data-wide_size=\"100\" data-normal_resolution=\"1024\" data-normal_size=\"60\" data-tablet_resolution=\"800\" data-tablet_size=\"40\" data-mobile_resolution=\"480\" data-mobile_size=\"40\" style=\"height: 100px;\"><\/div><div class=\"dfd-heading-shortcode\"><div class=\"dfd-heading-module-wrap  text-center style_01 cr-animate-gen dfd-heading-69dbfdb6c0cfb dfd-disable-resposive-headings\" id=\"dfd-heading-69dbfdb6c0cfb\" data-animate-type = \"transition.expandIn\" ><div class=\"inline-block\"><div class=\"dfd-heading-module\"><h1 class=\"widget-title dfd-title \" style=\"\">DataTouch<sup>3\u00a0<\/sup>\u2013 Analisador de Dados de Torque\/\u00c2ngulo<\/h1><div class=\"dfd-heading-delimiter dfd-img-lazy-load\"><\/div><\/div><\/div><\/div><script type=\"text\/javascript\">\r\n\t\t\t\t\t\t\t\t\t(function($) {\r\n\t\t\t\t\t\t\t\t\t\t$(\"head\").append(\"<style>.dfd-heading-69dbfdb6c0cfb.dfd-heading-module-wrap .dfd-heading-module .dfd-heading-delimiter {border-bottom-style:solid;border-bottom-width:1px;width:140px;border-bottom-color:#ea5d1c;}.dfd-heading-69dbfdb6c0cfb .dfd-heading-module .widget-title {margin-bottom:15px;}.dfd-heading-69dbfdb6c0cfb.dfd-heading-module-wrap .dfd-heading-module .dfd-heading-delimiter {margin-top:30px;margin-bottom:10px;}<\/style>\");\r\n\t\t\t\t\t\t\t\t\t})(jQuery);\r\n\t\t\t\t\t\t\t\t<\/script><\/div><div class=\"dfd-spacer-module\"  data-units=\"px\" data-wide_resolution=\"1280\" data-wide_size=\"30\" data-normal_resolution=\"1024\" data-normal_size=\"30\" data-tablet_resolution=\"800\" data-tablet_size=\"30\" data-mobile_resolution=\"480\" data-mobile_size=\"30\" style=\"height: 30px;\"><\/div>[\/vc_column_inner][\/vc_row_inner][vc_row_inner][vc_column_inner width=&#8221;1\/2&#8243;]<div class=\"dfd-spacer-module\"  data-units=\"px\" data-wide_resolution=\"1280\" data-wide_size=\"80\" data-normal_resolution=\"1024\" data-normal_size=\"40\" data-tablet_resolution=\"800\" data-tablet_size=\"40\" data-mobile_resolution=\"480\" data-mobile_size=\"20\" style=\"height: 80px;\"><\/div><div class=\"dfd-heading-shortcode\"><div class=\"dfd-heading-module-wrap  text-left style_01 dfd-heading-69dbfdb6c1050 dfd-disable-resposive-headings\" id=\"dfd-heading-69dbfdb6c1050\" ><div class=\"inline-block\"><div class=\"dfd-heading-module\"><h2 class=\"widget-title dfd-title \" style=\"font-size: 35px; color: #565656 !important; line-height: 30px; \">A Multiferramenta<\/h2><div class=\"dfd-heading-delimiter dfd-img-lazy-load\"><\/div><\/div><\/div><\/div><script type=\"text\/javascript\">\r\n\t\t\t\t\t\t\t\t\t(function($) {\r\n\t\t\t\t\t\t\t\t\t\t$(\"head\").append(\"<style>.dfd-heading-69dbfdb6c1050.dfd-heading-module-wrap .dfd-heading-module .dfd-heading-delimiter {border-bottom-style:solid;border-bottom-width:1px;width:200px;border-bottom-color:#ea5d1c;}.dfd-heading-69dbfdb6c1050 .dfd-heading-module .widget-title {margin-bottom:20px;}.dfd-heading-69dbfdb6c1050.dfd-heading-module-wrap .dfd-heading-module .dfd-heading-delimiter {margin-top:10px;margin-bottom:10px;}@media only screen and (max-width: 799px) {.dfd-heading-69dbfdb6c1050 {text-align: center;}}<\/style>\");\r\n\t\t\t\t\t\t\t\t\t})(jQuery);\r\n\t\t\t\t\t\t\t\t<\/script><\/div>[vc_column_text css=&#8221;.vc_custom_1520442195591{padding-bottom: 8px !important;}&#8221;]Com o coletor de dados\u00a0<strong>DataTouch<\/strong><strong><sup>3<\/sup><\/strong>, o controle de qualidade se tornar\u00e1 eficiente, r\u00e1pido e f\u00e1cil.[\/vc_column_text][vc_column_text css=&#8221;.vc_custom_1520442217773{padding-bottom: 8px !important;}&#8221;]Com suas possibilidades de conex\u00e3o a diversos tipos de transdutores, o\u00a0<strong>DataTouch<\/strong><strong><sup>3<\/sup><\/strong>\u00a0\u00e9 a solu\u00e7\u00e3o perfeita para teste de ferramentas e controle de processo.[\/vc_column_text][vc_column_text]Ele possui conex\u00e3o sem fio a transdutores sem fio SCS, tela colorida sens\u00edvel ao toque, mem\u00f3ria interna de 1 GB e reconhecimento autom\u00e1tico do transdutor conectado, tornando o\u00a0<strong>DataTouch<\/strong><strong><sup>3<\/sup><\/strong>\u00a0o precursor de uma nova gera\u00e7\u00e3o de coletores de dados.[\/vc_column_text]<div class=\"dfd-spacer-module\"  data-units=\"px\" data-wide_resolution=\"1280\" data-wide_size=\"40\" data-normal_resolution=\"1024\" data-normal_size=\"40\" data-tablet_resolution=\"800\" data-tablet_size=\"20\" data-mobile_resolution=\"480\" data-mobile_size=\"20\" style=\"height: 40px;\"><\/div>[vc_column_text]<\/p>\n<div class=\"button-position\"><a class=\"button-layout\" href=\"http:\/\/www.scsconcept.com\/brochure\/pt-br\/Datatouch3.pdf\" target=\"_blank\" rel=\"noopener noreferrer\">Download <strong>Brochure<\/strong><\/a><\/div>\n<div class=\"button-position\"><a class=\"button-layout\" href=\"http:\/\/www.scsconcept.com\/brochure\/pt-br\/Models-and-codes-Purchase_DataTouch.pdf\" target=\"_blank\" rel=\"noopener noreferrer\"><strong>Models<\/strong> and <strong>Codes<\/strong> Purchase<\/a><\/div>\n<p>[\/vc_column_text]<div class=\"dfd-spacer-module\"  data-units=\"px\" data-wide_resolution=\"1280\" data-wide_size=\"20\" data-normal_resolution=\"1024\" data-normal_size=\"20\" data-tablet_resolution=\"800\" data-tablet_size=\"20\" data-mobile_resolution=\"480\" data-mobile_size=\"20\" style=\"height: 20px;\"><\/div>[\/vc_column_inner][vc_column_inner width=&#8221;1\/2&#8243;]<div class=\"dfd-spacer-module\"  data-units=\"px\" data-wide_resolution=\"1280\" data-wide_size=\"20\" data-normal_resolution=\"1024\" data-normal_size=\"20\" data-tablet_resolution=\"800\" data-tablet_size=\"20\" data-mobile_resolution=\"480\" data-mobile_size=\"20\" style=\"height: 20px;\"><\/div><div id=\"dfd-single-image-module69dbfdb6c1b2d-2783\" class=\"dfd-single-image-module  image-center  cr-animate-gen dfd-img-lazy-load\" data-animate-type = \"transition.fadeIn\" ><img  title=\"DataTouch3 \u2013 Analisador de dados de torque-\u00e2ngulo\" loading=\"lazy\" decoding=\"async\" src=\"data:image\/svg+xml;charset=utf-8,%3Csvg xmlns%3D'http%3A%2F%2Fwww.w3.org%2F2000%2Fsvg' viewBox%3D'0 0 1920 1080'%2F%3E\" data-src=\"https:\/\/www.scsconcept.com\/wp-content\/uploads\/2018\/01\/datatouch3-acquisizione-dati.png\" width=\"1920\" height=\"1080\"   alt=\"DataTouch3 \u2013 Analisador de dados de torque-\u00e2ngulo\"  \/><\/div><div class=\"dfd-spacer-module\"  data-units=\"px\" data-wide_resolution=\"1280\" data-wide_size=\"20\" data-normal_resolution=\"1024\" data-normal_size=\"20\" data-tablet_resolution=\"800\" data-tablet_size=\"20\" data-mobile_resolution=\"480\" data-mobile_size=\"20\" style=\"height: 20px;\"><\/div>[\/vc_column_inner][\/vc_row_inner]<div class=\"dfd-spacer-module\"  data-units=\"px\" data-wide_resolution=\"1280\" data-wide_size=\"80\" data-normal_resolution=\"1024\" data-normal_size=\"40\" data-tablet_resolution=\"800\" data-tablet_size=\"40\" data-mobile_resolution=\"480\" data-mobile_size=\"20\" style=\"height: 80px;\"><\/div>[\/vc_column][\/vc_row][vc_row dfd_row_config=&#8221;full_width_content_paddings&#8221; dfd_row_responsive_enable=&#8221;dfd-row-responsive-enable&#8221; dfd_overlay_color=&#8221;#ffffff&#8221; dfd_overlay_pattern=&#8221;transperant&#8221; dfd_overlay_pattern_opacity=&#8221;85&#8243; css=&#8221;.vc_custom_1630676289660{padding-right: 8% !important;padding-left: 8% !important;background-color: #ffffff !important;}&#8221; responsive_styles=&#8221;padding_left_desktop:20|padding_right_desktop:20|padding_left_tablet:20|padding_right_tablet:20|padding_left_mobile:10|padding_right_mobile:10&#8243;][vc_column][vc_row_inner][vc_column_inner css=&#8221;.vc_custom_1517234278202{padding-right: 3% !important;padding-left: 3% !important;}&#8221;]<div class=\"dfd-spacer-module\"  data-units=\"px\" data-wide_resolution=\"1280\" data-wide_size=\"80\" data-normal_resolution=\"1024\" data-normal_size=\"80\" data-tablet_resolution=\"800\" data-tablet_size=\"80\" data-mobile_resolution=\"480\" data-mobile_size=\"80\" style=\"height: 80px;\"><\/div><div class=\"dfd-heading-shortcode\"><div class=\"dfd-heading-module-wrap  text-left style_01 dfd-heading-69dbfdb6c1daf dfd-disable-resposive-headings\" id=\"dfd-heading-69dbfdb6c1daf\" ><div class=\"inline-block\"><div class=\"dfd-heading-module\"><h2 class=\"widget-title dfd-title \" style=\"font-size: 35px; \">Fun\u00e7\u00f5es<\/h2><div class=\"dfd-heading-delimiter dfd-img-lazy-load\"><\/div><\/div><\/div><\/div><script type=\"text\/javascript\">\r\n\t\t\t\t\t\t\t\t\t(function($) {\r\n\t\t\t\t\t\t\t\t\t\t$(\"head\").append(\"<style>.dfd-heading-69dbfdb6c1daf.dfd-heading-module-wrap .dfd-heading-module .dfd-heading-delimiter {border-bottom-style:solid;border-bottom-width:1px;width:140px;border-bottom-color:#ea5d1c;}.dfd-heading-69dbfdb6c1daf.dfd-heading-module-wrap .dfd-heading-module .dfd-heading-delimiter {margin-top:10px;margin-bottom:10px;}<\/style>\");\r\n\t\t\t\t\t\t\t\t\t})(jQuery);\r\n\t\t\t\t\t\t\t\t<\/script><\/div>[\/vc_column_inner][\/vc_row_inner][vc_row_inner][vc_column_inner width=&#8221;1\/2&#8243; css=&#8221;.vc_custom_1517234260579{padding-right: 3% !important;padding-left: 3% !important;}&#8221;]<div class=\"dfd-spacer-module\"  data-units=\"px\" data-wide_resolution=\"1280\" data-wide_size=\"20\" data-normal_resolution=\"1024\" data-normal_size=\"20\" data-tablet_resolution=\"800\" data-tablet_size=\"20\" data-mobile_resolution=\"480\" data-mobile_size=\"20\" style=\"height: 20px;\"><\/div>[vc_column_text]<\/p>\n<ul>\n<li>Aquisi\u00e7\u00e3o de torque e \u00e2ngulo de chaves de torque e transdutores SCS Concept, ou transdutor de torque anal\u00f3gico mV\/V (com cabo especial)<\/li>\n<li>Conex\u00e3o a transdutores via cabo ou sem fio<\/li>\n<li>Testes de controle de qualidade de juntas j\u00e1 apertadas para medir o torque residual, atrav\u00e9s de diversas estrat\u00e9gias: Desengate &#8220;inteligente&#8221; ou pico de desengate, afrouxamento-aperto, verifica\u00e7\u00e3o de torque m\u00ednimo.<\/li>\n<li>An\u00e1lise de juntas<\/li>\n<li>Teste de apertadeiras (cartas Cm-Cmk, capabilidade de m\u00e1quina e gr\u00e1ficos X e R), chaves catraca, chaves de torque, apertadeiras de pulso<\/li>\n<\/ul>\n<p>[\/vc_column_text]<div class=\"dfd-spacer-module\"  data-units=\"px\" data-wide_resolution=\"1280\" data-wide_size=\"80\" data-normal_resolution=\"1024\" data-normal_size=\"80\" data-tablet_resolution=\"800\" data-tablet_size=\"30\" data-mobile_resolution=\"480\" data-mobile_size=\"30\" style=\"height: 80px;\"><\/div>[\/vc_column_inner][vc_column_inner width=&#8221;1\/2&#8243; css=&#8221;.vc_custom_1517234265907{padding-right: 3% !important;padding-left: 3% !important;}&#8221;]<div class=\"dfd-spacer-module\"  data-units=\"px\" data-wide_resolution=\"1280\" data-wide_size=\"20\" data-normal_resolution=\"1024\" data-normal_size=\"20\" data-tablet_resolution=\"800\" data-tablet_size=\"20\" data-mobile_resolution=\"480\" data-mobile_size=\"20\" style=\"height: 20px;\"><\/div>[vc_column_text]<\/p>\n<ul>\n<li>Rastreabilidade de dados com leitor de c\u00f3digo de barras integrado<\/li>\n<li>Curvas exibidas no visor\/tela sens\u00edvel ao toque<\/li>\n<li>Estat\u00edstica<\/li>\n<li>Program\u00e1vel pelo software SCS Concept SQnet+ para controles de processo estat\u00edstico em linhas de produ\u00e7\u00e3o<\/li>\n<li>M\u00f3dulo de r\u00e1dio opcional para transdutores sem fio<\/li>\n<li>Alimentado por bateria recarreg\u00e1vel e substitu\u00edvel<\/li>\n<\/ul>\n<p>[\/vc_column_text]<div class=\"dfd-spacer-module\"  data-units=\"px\" data-wide_resolution=\"1280\" data-wide_size=\"80\" data-normal_resolution=\"1024\" data-normal_size=\"80\" data-tablet_resolution=\"800\" data-tablet_size=\"80\" data-mobile_resolution=\"480\" data-mobile_size=\"80\" style=\"height: 80px;\"><\/div>[\/vc_column_inner][\/vc_row_inner][\/vc_column][\/vc_row]<\/p>\n<\/section>","protected":false},"excerpt":{"rendered":"<p>[vc_row dfd_row_config=&#8221;full_width_content&#8221; dfd_row_responsive_enable=&#8221;dfd-row-responsive-enable&#8221; dfd_bg_style=&#8221;image&#8221; dfd_parallax_style=&#8221;dfd_vertical_parallax&#8221; dfd_bg_image_new=&#8221;6065&#8243; dfd_overlay_color=&#8221;#ffffff&#8221; dfd_overlay_pattern=&#8221;transperant&#8221; dfd_overlay_pattern_opacity=&#8221;85&#8243; css=&#8221;.vc_custom_1518006732673{padding-right: 5% !important;padding-left: 5% !important;}&#8221; responsive_styles=&#8221;padding_left_desktop:20|padding_right_desktop:20|padding_left_tablet:20|padding_right_tablet:20|padding_left_mobile:10|padding_right_mobile:10&#8243;][vc_column dfd_column_responsive_enable=&#8221;dfd-column-responsive-enable&#8221; responsive_styles=&#8221;padding_left_mobile:10|padding_right_mobile:10&#8243;][vc_row_inner][vc_column_inner dfd_column_responsive_enable=&#8221;dfd-column-responsive-enable&#8221; css=&#8221;.vc_custom_1503581599802{padding-right: 20% !important;padding-left: 20% !important;}&#8221; responsive_styles=&#8221;padding_left_desktop:80|padding_right_desktop:80|padding_left_tablet:10|padding_right_tablet:10|padding_left_mobile:10|padding_right_mobile:10&#8243;][\/vc_column_inner][\/vc_row_inner][vc_row_inner][vc_column_inner width=&#8221;1\/2&#8243;][vc_column_text css=&#8221;.vc_custom_1520442195591{padding-bottom: 8px !important;}&#8221;]Com o coletor<\/p>\n","protected":false},"author":5,"featured_media":0,"parent":0,"menu_order":0,"comment_status":"closed","ping_status":"closed","template":"page-custom.php","meta":{"footnotes":""},"class_list":["post-9689","page","type-page","status-publish","hentry"],"acf":[],"yoast_head":"<!-- This site is optimized with the Yoast SEO plugin v20.5 - https:\/\/yoast.com\/wordpress\/plugins\/seo\/ -->\n<title>DataTouch3 \u2013 Analisador de dados de torque-\u00e2ngulo - SCS Concept<\/title>\n<meta name=\"robots\" content=\"index, follow, max-snippet:-1, max-image-preview:large, max-video-preview:-1\" \/>\n<link rel=\"canonical\" href=\"https:\/\/www.scsconcept.com\/pt-br\/datatouch3-analisador-de-dados-de-torque-angulo\/\" \/>\n<meta property=\"og:locale\" content=\"pt_BR\" \/>\n<meta property=\"og:type\" content=\"article\" \/>\n<meta property=\"og:title\" content=\"DataTouch3 \u2013 Analisador de dados de torque-\u00e2ngulo - SCS Concept\" \/>\n<meta property=\"og:description\" content=\"[vc_row dfd_row_config=&#8221;full_width_content&#8221; dfd_row_responsive_enable=&#8221;dfd-row-responsive-enable&#8221; dfd_bg_style=&#8221;image&#8221; dfd_parallax_style=&#8221;dfd_vertical_parallax&#8221; dfd_bg_image_new=&#8221;6065&#8243; dfd_overlay_color=&#8221;#ffffff&#8221; dfd_overlay_pattern=&#8221;transperant&#8221; dfd_overlay_pattern_opacity=&#8221;85&#8243; css=&#8221;.vc_custom_1518006732673{padding-right: 5% !important;padding-left: 5% !important;}&#8221; responsive_styles=&#8221;padding_left_desktop:20|padding_right_desktop:20|padding_left_tablet:20|padding_right_tablet:20|padding_left_mobile:10|padding_right_mobile:10&#8243;][vc_column dfd_column_responsive_enable=&#8221;dfd-column-responsive-enable&#8221; responsive_styles=&#8221;padding_left_mobile:10|padding_right_mobile:10&#8243;][vc_row_inner][vc_column_inner dfd_column_responsive_enable=&#8221;dfd-column-responsive-enable&#8221; css=&#8221;.vc_custom_1503581599802{padding-right: 20% !important;padding-left: 20% !important;}&#8221; responsive_styles=&#8221;padding_left_desktop:80|padding_right_desktop:80|padding_left_tablet:10|padding_right_tablet:10|padding_left_mobile:10|padding_right_mobile:10&#8243;][\/vc_column_inner][\/vc_row_inner][vc_row_inner][vc_column_inner width=&#8221;1\/2&#8243;][vc_column_text css=&#8221;.vc_custom_1520442195591{padding-bottom: 8px !important;}&#8221;]Com o coletor\" \/>\n<meta property=\"og:url\" content=\"https:\/\/www.scsconcept.com\/pt-br\/datatouch3-analisador-de-dados-de-torque-angulo\/\" \/>\n<meta property=\"og:site_name\" content=\"SCS Concept\" \/>\n<meta property=\"article:modified_time\" content=\"2021-09-03T13:38:13+00:00\" \/>\n<meta name=\"twitter:card\" content=\"summary_large_image\" \/>\n<meta name=\"twitter:label1\" content=\"Est. tempo de leitura\" \/>\n\t<meta name=\"twitter:data1\" content=\"5 minutos\" \/>\n<script type=\"application\/ld+json\" class=\"yoast-schema-graph\">{\"@context\":\"https:\/\/schema.org\",\"@graph\":[{\"@type\":\"WebPage\",\"@id\":\"https:\/\/www.scsconcept.com\/pt-br\/datatouch3-analisador-de-dados-de-torque-angulo\/\",\"url\":\"https:\/\/www.scsconcept.com\/pt-br\/datatouch3-analisador-de-dados-de-torque-angulo\/\",\"name\":\"DataTouch3 \u2013 Analisador de dados de torque-\u00e2ngulo - SCS Concept\",\"isPartOf\":{\"@id\":\"https:\/\/www.scsconcept.com\/#website\"},\"datePublished\":\"2018-03-07T16:50:37+00:00\",\"dateModified\":\"2021-09-03T13:38:13+00:00\",\"breadcrumb\":{\"@id\":\"https:\/\/www.scsconcept.com\/pt-br\/datatouch3-analisador-de-dados-de-torque-angulo\/#breadcrumb\"},\"inLanguage\":\"pt-BR\",\"potentialAction\":[{\"@type\":\"ReadAction\",\"target\":[\"https:\/\/www.scsconcept.com\/pt-br\/datatouch3-analisador-de-dados-de-torque-angulo\/\"]}]},{\"@type\":\"BreadcrumbList\",\"@id\":\"https:\/\/www.scsconcept.com\/pt-br\/datatouch3-analisador-de-dados-de-torque-angulo\/#breadcrumb\",\"itemListElement\":[{\"@type\":\"ListItem\",\"position\":1,\"name\":\"Home\",\"item\":\"https:\/\/www.scsconcept.com\/pt-br\/\"},{\"@type\":\"ListItem\",\"position\":2,\"name\":\"DataTouch3 \u2013 Analisador de dados de torque-\u00e2ngulo\"}]},{\"@type\":\"WebSite\",\"@id\":\"https:\/\/www.scsconcept.com\/#website\",\"url\":\"https:\/\/www.scsconcept.com\/\",\"name\":\"SCS Concept\",\"description\":\"Soluzioni Avanzate per il serraggio e controllo qualit\u00e0\",\"publisher\":{\"@id\":\"https:\/\/www.scsconcept.com\/#organization\"},\"potentialAction\":[{\"@type\":\"SearchAction\",\"target\":{\"@type\":\"EntryPoint\",\"urlTemplate\":\"https:\/\/www.scsconcept.com\/?s={search_term_string}\"},\"query-input\":\"required name=search_term_string\"}],\"inLanguage\":\"pt-BR\"},{\"@type\":\"Organization\",\"@id\":\"https:\/\/www.scsconcept.com\/#organization\",\"name\":\"SCS Concept\",\"url\":\"https:\/\/www.scsconcept.com\/\",\"logo\":{\"@type\":\"ImageObject\",\"inLanguage\":\"pt-BR\",\"@id\":\"https:\/\/www.scsconcept.com\/#\/schema\/logo\/image\/\",\"url\":\"http:\/\/www.scsconcept.com\/wp-content\/uploads\/2018\/01\/scs-concept-group-200.png\",\"contentUrl\":\"http:\/\/www.scsconcept.com\/wp-content\/uploads\/2018\/01\/scs-concept-group-200.png\",\"width\":200,\"height\":200,\"caption\":\"SCS Concept\"},\"image\":{\"@id\":\"https:\/\/www.scsconcept.com\/#\/schema\/logo\/image\/\"}}]}<\/script>\n<!-- \/ Yoast SEO plugin. -->","yoast_head_json":{"title":"DataTouch3 \u2013 Analisador de dados de torque-\u00e2ngulo - SCS Concept","robots":{"index":"index","follow":"follow","max-snippet":"max-snippet:-1","max-image-preview":"max-image-preview:large","max-video-preview":"max-video-preview:-1"},"canonical":"https:\/\/www.scsconcept.com\/pt-br\/datatouch3-analisador-de-dados-de-torque-angulo\/","og_locale":"pt_BR","og_type":"article","og_title":"DataTouch3 \u2013 Analisador de dados de torque-\u00e2ngulo - SCS Concept","og_description":"[vc_row dfd_row_config=&#8221;full_width_content&#8221; dfd_row_responsive_enable=&#8221;dfd-row-responsive-enable&#8221; dfd_bg_style=&#8221;image&#8221; dfd_parallax_style=&#8221;dfd_vertical_parallax&#8221; dfd_bg_image_new=&#8221;6065&#8243; dfd_overlay_color=&#8221;#ffffff&#8221; dfd_overlay_pattern=&#8221;transperant&#8221; dfd_overlay_pattern_opacity=&#8221;85&#8243; css=&#8221;.vc_custom_1518006732673{padding-right: 5% !important;padding-left: 5% !important;}&#8221; responsive_styles=&#8221;padding_left_desktop:20|padding_right_desktop:20|padding_left_tablet:20|padding_right_tablet:20|padding_left_mobile:10|padding_right_mobile:10&#8243;][vc_column dfd_column_responsive_enable=&#8221;dfd-column-responsive-enable&#8221; responsive_styles=&#8221;padding_left_mobile:10|padding_right_mobile:10&#8243;][vc_row_inner][vc_column_inner dfd_column_responsive_enable=&#8221;dfd-column-responsive-enable&#8221; css=&#8221;.vc_custom_1503581599802{padding-right: 20% !important;padding-left: 20% !important;}&#8221; responsive_styles=&#8221;padding_left_desktop:80|padding_right_desktop:80|padding_left_tablet:10|padding_right_tablet:10|padding_left_mobile:10|padding_right_mobile:10&#8243;][\/vc_column_inner][\/vc_row_inner][vc_row_inner][vc_column_inner width=&#8221;1\/2&#8243;][vc_column_text css=&#8221;.vc_custom_1520442195591{padding-bottom: 8px !important;}&#8221;]Com o coletor","og_url":"https:\/\/www.scsconcept.com\/pt-br\/datatouch3-analisador-de-dados-de-torque-angulo\/","og_site_name":"SCS Concept","article_modified_time":"2021-09-03T13:38:13+00:00","twitter_card":"summary_large_image","twitter_misc":{"Est. tempo de leitura":"5 minutos"},"schema":{"@context":"https:\/\/schema.org","@graph":[{"@type":"WebPage","@id":"https:\/\/www.scsconcept.com\/pt-br\/datatouch3-analisador-de-dados-de-torque-angulo\/","url":"https:\/\/www.scsconcept.com\/pt-br\/datatouch3-analisador-de-dados-de-torque-angulo\/","name":"DataTouch3 \u2013 Analisador de dados de torque-\u00e2ngulo - SCS Concept","isPartOf":{"@id":"https:\/\/www.scsconcept.com\/#website"},"datePublished":"2018-03-07T16:50:37+00:00","dateModified":"2021-09-03T13:38:13+00:00","breadcrumb":{"@id":"https:\/\/www.scsconcept.com\/pt-br\/datatouch3-analisador-de-dados-de-torque-angulo\/#breadcrumb"},"inLanguage":"pt-BR","potentialAction":[{"@type":"ReadAction","target":["https:\/\/www.scsconcept.com\/pt-br\/datatouch3-analisador-de-dados-de-torque-angulo\/"]}]},{"@type":"BreadcrumbList","@id":"https:\/\/www.scsconcept.com\/pt-br\/datatouch3-analisador-de-dados-de-torque-angulo\/#breadcrumb","itemListElement":[{"@type":"ListItem","position":1,"name":"Home","item":"https:\/\/www.scsconcept.com\/pt-br\/"},{"@type":"ListItem","position":2,"name":"DataTouch3 \u2013 Analisador de dados de torque-\u00e2ngulo"}]},{"@type":"WebSite","@id":"https:\/\/www.scsconcept.com\/#website","url":"https:\/\/www.scsconcept.com\/","name":"SCS Concept","description":"Soluzioni Avanzate per il serraggio e controllo qualit\u00e0","publisher":{"@id":"https:\/\/www.scsconcept.com\/#organization"},"potentialAction":[{"@type":"SearchAction","target":{"@type":"EntryPoint","urlTemplate":"https:\/\/www.scsconcept.com\/?s={search_term_string}"},"query-input":"required name=search_term_string"}],"inLanguage":"pt-BR"},{"@type":"Organization","@id":"https:\/\/www.scsconcept.com\/#organization","name":"SCS Concept","url":"https:\/\/www.scsconcept.com\/","logo":{"@type":"ImageObject","inLanguage":"pt-BR","@id":"https:\/\/www.scsconcept.com\/#\/schema\/logo\/image\/","url":"http:\/\/www.scsconcept.com\/wp-content\/uploads\/2018\/01\/scs-concept-group-200.png","contentUrl":"http:\/\/www.scsconcept.com\/wp-content\/uploads\/2018\/01\/scs-concept-group-200.png","width":200,"height":200,"caption":"SCS Concept"},"image":{"@id":"https:\/\/www.scsconcept.com\/#\/schema\/logo\/image\/"}}]}},"_links":{"self":[{"href":"https:\/\/www.scsconcept.com\/pt-br\/wp-json\/wp\/v2\/pages\/9689","targetHints":{"allow":["GET"]}}],"collection":[{"href":"https:\/\/www.scsconcept.com\/pt-br\/wp-json\/wp\/v2\/pages"}],"about":[{"href":"https:\/\/www.scsconcept.com\/pt-br\/wp-json\/wp\/v2\/types\/page"}],"author":[{"embeddable":true,"href":"https:\/\/www.scsconcept.com\/pt-br\/wp-json\/wp\/v2\/users\/5"}],"replies":[{"embeddable":true,"href":"https:\/\/www.scsconcept.com\/pt-br\/wp-json\/wp\/v2\/comments?post=9689"}],"version-history":[{"count":6,"href":"https:\/\/www.scsconcept.com\/pt-br\/wp-json\/wp\/v2\/pages\/9689\/revisions"}],"predecessor-version":[{"id":24637,"href":"https:\/\/www.scsconcept.com\/pt-br\/wp-json\/wp\/v2\/pages\/9689\/revisions\/24637"}],"wp:attachment":[{"href":"https:\/\/www.scsconcept.com\/pt-br\/wp-json\/wp\/v2\/media?parent=9689"}],"curies":[{"name":"wp","href":"https:\/\/api.w.org\/{rel}","templated":true}]}}