{"id":9522,"date":"2018-03-07T13:43:01","date_gmt":"2018-03-07T13:43:01","guid":{"rendered":"https:\/\/www.scsconcept.com\/?page_id=9522"},"modified":"2018-03-19T19:42:38","modified_gmt":"2018-03-19T19:42:38","slug":"software","status":"publish","type":"page","link":"https:\/\/www.scsconcept.com\/pt-br\/software\/","title":{"rendered":"Software"},"content":{"rendered":"<section class=\"wpb-content-wrapper\"><p>[vc_row dfd_row_config=&#8221;full_width_content_paddings&#8221; dfd_row_responsive_enable=&#8221;dfd-row-responsive-enable&#8221; dfd_bg_style=&#8221;image&#8221; dfd_parallax_style=&#8221;dfd_vertical_parallax&#8221; dfd_bg_image_new=&#8221;6101&#8243; dfd_overlay_color=&#8221;#ffffff&#8221; dfd_overlay_pattern=&#8221;transperant&#8221; dfd_overlay_pattern_opacity=&#8221;85&#8243; css=&#8221;.vc_custom_1518015200343{padding-right: 10% !important;padding-left: 10% !important;}&#8221; responsive_styles=&#8221;padding_left_desktop:20|padding_right_desktop:20|padding_left_tablet:20|padding_right_tablet:20|padding_left_mobile:10|padding_right_mobile:10&#8243;][vc_column dfd_column_responsive_enable=&#8221;dfd-column-responsive-enable&#8221; responsive_styles=&#8221;padding_left_mobile:10|padding_right_mobile:10&#8243;][vc_row_inner][vc_column_inner dfd_column_responsive_enable=&#8221;dfd-column-responsive-enable&#8221; css=&#8221;.vc_custom_1503581599802{padding-right: 20% !important;padding-left: 20% !important;}&#8221; responsive_styles=&#8221;padding_left_desktop:80|padding_right_desktop:80|padding_left_tablet:10|padding_right_tablet:10|padding_left_mobile:10|padding_right_mobile:10&#8243;]<div class=\"dfd-spacer-module\"  data-units=\"px\" data-wide_resolution=\"1280\" data-wide_size=\"100\" data-normal_resolution=\"1024\" data-normal_size=\"100\" data-tablet_resolution=\"800\" data-tablet_size=\"90\" data-mobile_resolution=\"480\" data-mobile_size=\"80\" style=\"height: 100px;\"><\/div><div class=\"dfd-heading-shortcode\"><div class=\"dfd-heading-module-wrap  text-center style_01 cr-animate-gen dfd-heading-69dbe081aea65 dfd-disable-resposive-headings\" id=\"dfd-heading-69dbe081aea65\" data-animate-type = \"transition.expandIn\" ><div class=\"inline-block\"><div class=\"dfd-heading-module\"><h1 class=\"widget-title dfd-title \" style=\"\">Software<\/h1><h3 class=\"widget-sub-title dfd-sub-title \" style=\"line-height: 26px; \">Eles programam os instrumentos SCS Concept, agendam os testes, obteem resultados e curvas, produzem relat\u00f3rios e estat\u00edsticas, asseguram a rastreabilidade de dados.<\/h3><div class=\"dfd-heading-delimiter dfd-img-lazy-load\"><\/div><\/div><\/div><\/div><script type=\"text\/javascript\">\r\n\t\t\t\t\t\t\t\t\t(function($) {\r\n\t\t\t\t\t\t\t\t\t\t$(\"head\").append(\"<style>.dfd-heading-69dbe081aea65.dfd-heading-module-wrap .dfd-heading-module .dfd-heading-delimiter {border-bottom-style:solid;border-bottom-width:1px;width:140px;border-bottom-color:#ea5d1c;}.dfd-heading-69dbe081aea65 .dfd-heading-module .widget-sub-title {margin-top:20px;margin-bottom:35px;}.dfd-heading-69dbe081aea65.dfd-heading-module-wrap .dfd-heading-module .dfd-heading-delimiter {margin-top:10px;margin-bottom:10px;}<\/style>\");\r\n\t\t\t\t\t\t\t\t\t})(jQuery);\r\n\t\t\t\t\t\t\t\t<\/script><\/div><div class=\"dfd-spacer-module\"  data-units=\"px\" data-wide_resolution=\"1280\" data-wide_size=\"30\" data-normal_resolution=\"1024\" data-normal_size=\"30\" data-tablet_resolution=\"800\" data-tablet_size=\"30\" data-mobile_resolution=\"480\" data-mobile_size=\"30\" style=\"height: 30px;\"><\/div>[\/vc_column_inner][\/vc_row_inner][vc_row_inner][vc_column_inner width=&#8221;1\/3&#8243;]<div id=\"dfd-rotate-box-69dbe081aef60-2980\" class=\"dfd-rotate-box-wrap  to-left\" ><div class=\"dfd-rotate-box-list\"><div class=\"dfd-item-offset rotate-box\"><div class=\"dfd-rotate-box-item to-left\"><div class=\"thumb-wrap\"><div class=\"thumb-wrap-front dfd-background-main\"><div class=\"content-wrap\"><div class=\"content-block dfd-rotate-content-v_center dfd-rotate-content-h_center \"><\/div><\/div><\/div><div class=\"thumb-wrap-back dfd-background-main\"><div class=\"content-wrap\"><\/div><\/div><\/div><a href=\"https:\/\/www.scsconcept.com\/pt-br\/vpg-producao-visual-guia-de-retrabalho\/\" class=\"full-box-link\" title=\"\"  rel=\"\"><\/a><\/div><\/div><\/div><script type=\"text\/javascript\">(function($) {$(\"head\").append(\"<style>#dfd-rotate-box-69dbe081aef60-2980 .dfd-rotate-box-item .thumb-wrap .thumb-wrap-front {background-image: url(https:\/\/www.scsconcept.com\/wp-content\/uploads\/2018\/02\/VPGsoftware.jpg); }#dfd-rotate-box-69dbe081aef60-2980 .dfd-rotate-box-item .thumb-wrap .thumb-wrap-back {background-image: url(https:\/\/www.scsconcept.com\/wp-content\/uploads\/2018\/02\/VPGsoftware2.jpg); }<\/style>\");})(jQuery);<\/script><\/div><div class=\"dfd-spacer-module\"  data-units=\"px\" data-wide_resolution=\"1280\" data-wide_size=\"20\" data-normal_resolution=\"1024\" data-normal_size=\"20\" data-tablet_resolution=\"800\" data-tablet_size=\"20\" data-mobile_resolution=\"480\" data-mobile_size=\"20\" style=\"height: 20px;\"><\/div><div id=\"idinfobox69dbe081b0a24\" class=\"dfd-info-box clearfix style-01 layout-04  idinfobox69dbe081b0a24\" ><div class=\"dfd-animate-container\"><div class=\"content-wrap ovh\"><h2 class=\"info-box-title \" style=\"font-size: 26px; line-height: 28px; \">VPG+<\/h2><div class=\"wrap-delimiter\"><div class=\"delimiter\" style=\"width:100px;border-width:1px;border-color:#ea5d1c;border-bottom-style:solid\"><\/div><\/div><div class=\"description\" style=\"\">Software de gerenciamento de esta\u00e7\u00f5es de retrabalho e produ\u00e7\u00e3o<\/div><\/div><a href=\"https:\/\/www.scsconcept.com\/pt-br\/vpg-producao-visual-guia-de-retrabalho\/\"   class=\"full-box-link\"><\/a><\/div><\/div><div class=\"dfd-spacer-module\"  data-units=\"px\" data-wide_resolution=\"1280\" data-wide_size=\"20\" data-normal_resolution=\"1024\" data-normal_size=\"20\" data-tablet_resolution=\"800\" data-tablet_size=\"20\" data-mobile_resolution=\"480\" data-mobile_size=\"20\" style=\"height: 20px;\"><\/div>[\/vc_column_inner][vc_column_inner width=&#8221;1\/3&#8243;]<div id=\"dfd-rotate-box-69dbe081b0d08-308\" class=\"dfd-rotate-box-wrap  to-left\" ><div class=\"dfd-rotate-box-list\"><div class=\"dfd-item-offset rotate-box\"><div class=\"dfd-rotate-box-item to-left\"><div class=\"thumb-wrap\"><div class=\"thumb-wrap-front dfd-background-main\"><div class=\"content-wrap\"><div class=\"content-block dfd-rotate-content-v_center dfd-rotate-content-h_center \"><\/div><\/div><\/div><div class=\"thumb-wrap-back dfd-background-main\"><div class=\"content-wrap\"><\/div><\/div><\/div><a href=\"https:\/\/www.scsconcept.com\/pt-br\/sqnet-software-de-gerenciamento-de-controle-de-qualidade-linha-de-producao\/\" class=\"full-box-link\" title=\"\"  rel=\"\"><\/a><\/div><\/div><\/div><script type=\"text\/javascript\">(function($) {$(\"head\").append(\"<style>#dfd-rotate-box-69dbe081b0d08-308 .dfd-rotate-box-item .thumb-wrap .thumb-wrap-front {background-image: url(https:\/\/www.scsconcept.com\/wp-content\/uploads\/2018\/02\/SQnet-software.jpg); }#dfd-rotate-box-69dbe081b0d08-308 .dfd-rotate-box-item .thumb-wrap .thumb-wrap-back {background-image: url(https:\/\/www.scsconcept.com\/wp-content\/uploads\/2018\/02\/SQnet-software2.jpg); }<\/style>\");})(jQuery);<\/script><\/div><div class=\"dfd-spacer-module\"  data-units=\"px\" data-wide_resolution=\"1280\" data-wide_size=\"20\" data-normal_resolution=\"1024\" data-normal_size=\"20\" data-tablet_resolution=\"800\" data-tablet_size=\"20\" data-mobile_resolution=\"480\" data-mobile_size=\"20\" style=\"height: 20px;\"><\/div><div id=\"idinfobox69dbe081b22a8\" class=\"dfd-info-box clearfix style-01 layout-04  idinfobox69dbe081b22a8\" ><div class=\"dfd-animate-container\"><div class=\"content-wrap ovh\"><h2 class=\"info-box-title \" style=\"font-size: 26px; line-height: 28px; \">SQnet+<\/h2><div class=\"wrap-delimiter\"><div class=\"delimiter\" style=\"width:100px;border-width:1px;border-color:#ea5d1c;border-bottom-style:solid\"><\/div><\/div><div class=\"description\" style=\"\">Software de gerenciamento de qualidade da linha de produ\u00e7\u00e3o<\/div><\/div><a href=\"https:\/\/www.scsconcept.com\/pt-br\/sqnet-software-de-gerenciamento-de-controle-de-qualidade-linha-de-producao\/\"   class=\"full-box-link\"><\/a><\/div><\/div><div class=\"dfd-spacer-module\"  data-units=\"px\" data-wide_resolution=\"1280\" data-wide_size=\"20\" data-normal_resolution=\"1024\" data-normal_size=\"20\" data-tablet_resolution=\"800\" data-tablet_size=\"20\" data-mobile_resolution=\"480\" data-mobile_size=\"20\" style=\"height: 20px;\"><\/div>[\/vc_column_inner][vc_column_inner width=&#8221;1\/3&#8243;]<div id=\"dfd-rotate-box-69dbe081b2604-5972\" class=\"dfd-rotate-box-wrap  to-left\" ><div class=\"dfd-rotate-box-list\"><div class=\"dfd-item-offset rotate-box\"><div class=\"dfd-rotate-box-item to-left\"><div class=\"thumb-wrap\"><div class=\"thumb-wrap-front dfd-background-main\"><div class=\"content-wrap\"><div class=\"content-block dfd-rotate-content-v_center dfd-rotate-content-h_center \"><\/div><\/div><\/div><div class=\"thumb-wrap-back dfd-background-main\"><div class=\"content-wrap\"><\/div><\/div><\/div><a href=\"https:\/\/www.scsconcept.com\/pt-br\/data-pro-torque-angle-acquisition-software\/\" class=\"full-box-link\" title=\"\"  rel=\"\"><\/a><\/div><\/div><\/div><script type=\"text\/javascript\">(function($) {$(\"head\").append(\"<style>#dfd-rotate-box-69dbe081b2604-5972 .dfd-rotate-box-item .thumb-wrap .thumb-wrap-front {background-image: url(https:\/\/www.scsconcept.com\/wp-content\/uploads\/2018\/02\/DataPro-software.jpg); }#dfd-rotate-box-69dbe081b2604-5972 .dfd-rotate-box-item .thumb-wrap .thumb-wrap-back {background-image: url(https:\/\/www.scsconcept.com\/wp-content\/uploads\/2018\/02\/DataPro-software2.jpg); }<\/style>\");})(jQuery);<\/script><\/div><div class=\"dfd-spacer-module\"  data-units=\"px\" data-wide_resolution=\"1280\" data-wide_size=\"20\" data-normal_resolution=\"1024\" data-normal_size=\"20\" data-tablet_resolution=\"800\" data-tablet_size=\"20\" data-mobile_resolution=\"480\" data-mobile_size=\"20\" style=\"height: 20px;\"><\/div><div id=\"idinfobox69dbe081b37dc\" class=\"dfd-info-box clearfix style-01 layout-04  idinfobox69dbe081b37dc\" ><div class=\"dfd-animate-container\"><div class=\"content-wrap ovh\"><h2 class=\"info-box-title \" style=\"font-size: 26px; line-height: 28px; \">Data.Pro<\/h2><div class=\"wrap-delimiter\"><div class=\"delimiter\" style=\"width:100px;border-width:1px;border-color:#ea5d1c;border-bottom-style:solid\"><\/div><\/div><div class=\"description\" style=\"\">Torque\/angle acquisition Software<\/div><\/div><a href=\"https:\/\/www.scsconcept.com\/pt-br\/data-pro-torque-angle-acquisition-software\/\"   class=\"full-box-link\"><\/a><\/div><\/div><div class=\"dfd-spacer-module\"  data-units=\"px\" data-wide_resolution=\"1280\" data-wide_size=\"20\" data-normal_resolution=\"1024\" data-normal_size=\"20\" data-tablet_resolution=\"800\" data-tablet_size=\"20\" data-mobile_resolution=\"480\" data-mobile_size=\"20\" style=\"height: 20px;\"><\/div>[\/vc_column_inner][\/vc_row_inner]<div class=\"dfd-spacer-module\"  data-units=\"px\" data-wide_resolution=\"1280\" data-wide_size=\"95\" data-normal_resolution=\"1024\" data-normal_size=\"95\" data-tablet_resolution=\"800\" data-tablet_size=\"90\" data-mobile_resolution=\"480\" data-mobile_size=\"80\" style=\"height: 95px;\"><\/div>[\/vc_column][\/vc_row]<\/p>\n<\/section>","protected":false},"excerpt":{"rendered":"<p>[vc_row dfd_row_config=&#8221;full_width_content_paddings&#8221; dfd_row_responsive_enable=&#8221;dfd-row-responsive-enable&#8221; dfd_bg_style=&#8221;image&#8221; dfd_parallax_style=&#8221;dfd_vertical_parallax&#8221; dfd_bg_image_new=&#8221;6101&#8243; dfd_overlay_color=&#8221;#ffffff&#8221; dfd_overlay_pattern=&#8221;transperant&#8221; dfd_overlay_pattern_opacity=&#8221;85&#8243; css=&#8221;.vc_custom_1518015200343{padding-right: 10% !important;padding-left: 10% !important;}&#8221; responsive_styles=&#8221;padding_left_desktop:20|padding_right_desktop:20|padding_left_tablet:20|padding_right_tablet:20|padding_left_mobile:10|padding_right_mobile:10&#8243;][vc_column dfd_column_responsive_enable=&#8221;dfd-column-responsive-enable&#8221; responsive_styles=&#8221;padding_left_mobile:10|padding_right_mobile:10&#8243;][vc_row_inner][vc_column_inner dfd_column_responsive_enable=&#8221;dfd-column-responsive-enable&#8221; css=&#8221;.vc_custom_1503581599802{padding-right: 20% !important;padding-left: 20% !important;}&#8221; responsive_styles=&#8221;padding_left_desktop:80|padding_right_desktop:80|padding_left_tablet:10|padding_right_tablet:10|padding_left_mobile:10|padding_right_mobile:10&#8243;][\/vc_column_inner][\/vc_row_inner][vc_row_inner][vc_column_inner width=&#8221;1\/3&#8243;][\/vc_column_inner][vc_column_inner width=&#8221;1\/3&#8243;][\/vc_column_inner][vc_column_inner width=&#8221;1\/3&#8243;][\/vc_column_inner][\/vc_row_inner][\/vc_column][\/vc_row]<\/p>\n","protected":false},"author":5,"featured_media":0,"parent":0,"menu_order":0,"comment_status":"closed","ping_status":"closed","template":"page-custom.php","meta":{"footnotes":""},"class_list":["post-9522","page","type-page","status-publish","hentry"],"acf":[],"yoast_head":"<!-- This site is optimized with the Yoast SEO plugin v20.5 - https:\/\/yoast.com\/wordpress\/plugins\/seo\/ -->\n<title>Software - SCS Concept<\/title>\n<meta name=\"robots\" content=\"index, follow, max-snippet:-1, max-image-preview:large, max-video-preview:-1\" \/>\n<link rel=\"canonical\" href=\"https:\/\/www.scsconcept.com\/pt-br\/software\/\" \/>\n<meta property=\"og:locale\" content=\"pt_BR\" \/>\n<meta property=\"og:type\" content=\"article\" \/>\n<meta property=\"og:title\" content=\"Software - SCS Concept\" \/>\n<meta property=\"og:description\" content=\"[vc_row dfd_row_config=&#8221;full_width_content_paddings&#8221; dfd_row_responsive_enable=&#8221;dfd-row-responsive-enable&#8221; dfd_bg_style=&#8221;image&#8221; dfd_parallax_style=&#8221;dfd_vertical_parallax&#8221; dfd_bg_image_new=&#8221;6101&#8243; dfd_overlay_color=&#8221;#ffffff&#8221; dfd_overlay_pattern=&#8221;transperant&#8221; dfd_overlay_pattern_opacity=&#8221;85&#8243; css=&#8221;.vc_custom_1518015200343{padding-right: 10% !important;padding-left: 10% !important;}&#8221; responsive_styles=&#8221;padding_left_desktop:20|padding_right_desktop:20|padding_left_tablet:20|padding_right_tablet:20|padding_left_mobile:10|padding_right_mobile:10&#8243;][vc_column dfd_column_responsive_enable=&#8221;dfd-column-responsive-enable&#8221; responsive_styles=&#8221;padding_left_mobile:10|padding_right_mobile:10&#8243;][vc_row_inner][vc_column_inner dfd_column_responsive_enable=&#8221;dfd-column-responsive-enable&#8221; css=&#8221;.vc_custom_1503581599802{padding-right: 20% !important;padding-left: 20% !important;}&#8221; responsive_styles=&#8221;padding_left_desktop:80|padding_right_desktop:80|padding_left_tablet:10|padding_right_tablet:10|padding_left_mobile:10|padding_right_mobile:10&#8243;][\/vc_column_inner][\/vc_row_inner][vc_row_inner][vc_column_inner width=&#8221;1\/3&#8243;][\/vc_column_inner][vc_column_inner width=&#8221;1\/3&#8243;][\/vc_column_inner][vc_column_inner width=&#8221;1\/3&#8243;][\/vc_column_inner][\/vc_row_inner][\/vc_column][\/vc_row]\" \/>\n<meta property=\"og:url\" content=\"https:\/\/www.scsconcept.com\/pt-br\/software\/\" \/>\n<meta property=\"og:site_name\" content=\"SCS Concept\" \/>\n<meta property=\"article:modified_time\" content=\"2018-03-19T19:42:38+00:00\" \/>\n<meta name=\"twitter:card\" content=\"summary_large_image\" \/>\n<meta name=\"twitter:label1\" content=\"Est. tempo de leitura\" \/>\n\t<meta name=\"twitter:data1\" content=\"4 minutos\" \/>\n<script type=\"application\/ld+json\" class=\"yoast-schema-graph\">{\"@context\":\"https:\/\/schema.org\",\"@graph\":[{\"@type\":\"WebPage\",\"@id\":\"https:\/\/www.scsconcept.com\/pt-br\/software\/\",\"url\":\"https:\/\/www.scsconcept.com\/pt-br\/software\/\",\"name\":\"Software - SCS Concept\",\"isPartOf\":{\"@id\":\"https:\/\/www.scsconcept.com\/#website\"},\"datePublished\":\"2018-03-07T13:43:01+00:00\",\"dateModified\":\"2018-03-19T19:42:38+00:00\",\"breadcrumb\":{\"@id\":\"https:\/\/www.scsconcept.com\/pt-br\/software\/#breadcrumb\"},\"inLanguage\":\"pt-BR\",\"potentialAction\":[{\"@type\":\"ReadAction\",\"target\":[\"https:\/\/www.scsconcept.com\/pt-br\/software\/\"]}]},{\"@type\":\"BreadcrumbList\",\"@id\":\"https:\/\/www.scsconcept.com\/pt-br\/software\/#breadcrumb\",\"itemListElement\":[{\"@type\":\"ListItem\",\"position\":1,\"name\":\"Home\",\"item\":\"https:\/\/www.scsconcept.com\/pt-br\/\"},{\"@type\":\"ListItem\",\"position\":2,\"name\":\"Software\"}]},{\"@type\":\"WebSite\",\"@id\":\"https:\/\/www.scsconcept.com\/#website\",\"url\":\"https:\/\/www.scsconcept.com\/\",\"name\":\"SCS Concept\",\"description\":\"Soluzioni Avanzate per il serraggio e controllo qualit\u00e0\",\"publisher\":{\"@id\":\"https:\/\/www.scsconcept.com\/#organization\"},\"potentialAction\":[{\"@type\":\"SearchAction\",\"target\":{\"@type\":\"EntryPoint\",\"urlTemplate\":\"https:\/\/www.scsconcept.com\/?s={search_term_string}\"},\"query-input\":\"required name=search_term_string\"}],\"inLanguage\":\"pt-BR\"},{\"@type\":\"Organization\",\"@id\":\"https:\/\/www.scsconcept.com\/#organization\",\"name\":\"SCS Concept\",\"url\":\"https:\/\/www.scsconcept.com\/\",\"logo\":{\"@type\":\"ImageObject\",\"inLanguage\":\"pt-BR\",\"@id\":\"https:\/\/www.scsconcept.com\/#\/schema\/logo\/image\/\",\"url\":\"http:\/\/www.scsconcept.com\/wp-content\/uploads\/2018\/01\/scs-concept-group-200.png\",\"contentUrl\":\"http:\/\/www.scsconcept.com\/wp-content\/uploads\/2018\/01\/scs-concept-group-200.png\",\"width\":200,\"height\":200,\"caption\":\"SCS Concept\"},\"image\":{\"@id\":\"https:\/\/www.scsconcept.com\/#\/schema\/logo\/image\/\"}}]}<\/script>\n<!-- \/ Yoast SEO plugin. -->","yoast_head_json":{"title":"Software - SCS Concept","robots":{"index":"index","follow":"follow","max-snippet":"max-snippet:-1","max-image-preview":"max-image-preview:large","max-video-preview":"max-video-preview:-1"},"canonical":"https:\/\/www.scsconcept.com\/pt-br\/software\/","og_locale":"pt_BR","og_type":"article","og_title":"Software - SCS Concept","og_description":"[vc_row dfd_row_config=&#8221;full_width_content_paddings&#8221; dfd_row_responsive_enable=&#8221;dfd-row-responsive-enable&#8221; dfd_bg_style=&#8221;image&#8221; dfd_parallax_style=&#8221;dfd_vertical_parallax&#8221; dfd_bg_image_new=&#8221;6101&#8243; dfd_overlay_color=&#8221;#ffffff&#8221; dfd_overlay_pattern=&#8221;transperant&#8221; dfd_overlay_pattern_opacity=&#8221;85&#8243; css=&#8221;.vc_custom_1518015200343{padding-right: 10% !important;padding-left: 10% !important;}&#8221; responsive_styles=&#8221;padding_left_desktop:20|padding_right_desktop:20|padding_left_tablet:20|padding_right_tablet:20|padding_left_mobile:10|padding_right_mobile:10&#8243;][vc_column dfd_column_responsive_enable=&#8221;dfd-column-responsive-enable&#8221; responsive_styles=&#8221;padding_left_mobile:10|padding_right_mobile:10&#8243;][vc_row_inner][vc_column_inner dfd_column_responsive_enable=&#8221;dfd-column-responsive-enable&#8221; css=&#8221;.vc_custom_1503581599802{padding-right: 20% !important;padding-left: 20% !important;}&#8221; responsive_styles=&#8221;padding_left_desktop:80|padding_right_desktop:80|padding_left_tablet:10|padding_right_tablet:10|padding_left_mobile:10|padding_right_mobile:10&#8243;][\/vc_column_inner][\/vc_row_inner][vc_row_inner][vc_column_inner width=&#8221;1\/3&#8243;][\/vc_column_inner][vc_column_inner width=&#8221;1\/3&#8243;][\/vc_column_inner][vc_column_inner width=&#8221;1\/3&#8243;][\/vc_column_inner][\/vc_row_inner][\/vc_column][\/vc_row]","og_url":"https:\/\/www.scsconcept.com\/pt-br\/software\/","og_site_name":"SCS Concept","article_modified_time":"2018-03-19T19:42:38+00:00","twitter_card":"summary_large_image","twitter_misc":{"Est. tempo de leitura":"4 minutos"},"schema":{"@context":"https:\/\/schema.org","@graph":[{"@type":"WebPage","@id":"https:\/\/www.scsconcept.com\/pt-br\/software\/","url":"https:\/\/www.scsconcept.com\/pt-br\/software\/","name":"Software - SCS Concept","isPartOf":{"@id":"https:\/\/www.scsconcept.com\/#website"},"datePublished":"2018-03-07T13:43:01+00:00","dateModified":"2018-03-19T19:42:38+00:00","breadcrumb":{"@id":"https:\/\/www.scsconcept.com\/pt-br\/software\/#breadcrumb"},"inLanguage":"pt-BR","potentialAction":[{"@type":"ReadAction","target":["https:\/\/www.scsconcept.com\/pt-br\/software\/"]}]},{"@type":"BreadcrumbList","@id":"https:\/\/www.scsconcept.com\/pt-br\/software\/#breadcrumb","itemListElement":[{"@type":"ListItem","position":1,"name":"Home","item":"https:\/\/www.scsconcept.com\/pt-br\/"},{"@type":"ListItem","position":2,"name":"Software"}]},{"@type":"WebSite","@id":"https:\/\/www.scsconcept.com\/#website","url":"https:\/\/www.scsconcept.com\/","name":"SCS Concept","description":"Soluzioni Avanzate per il serraggio e controllo qualit\u00e0","publisher":{"@id":"https:\/\/www.scsconcept.com\/#organization"},"potentialAction":[{"@type":"SearchAction","target":{"@type":"EntryPoint","urlTemplate":"https:\/\/www.scsconcept.com\/?s={search_term_string}"},"query-input":"required name=search_term_string"}],"inLanguage":"pt-BR"},{"@type":"Organization","@id":"https:\/\/www.scsconcept.com\/#organization","name":"SCS Concept","url":"https:\/\/www.scsconcept.com\/","logo":{"@type":"ImageObject","inLanguage":"pt-BR","@id":"https:\/\/www.scsconcept.com\/#\/schema\/logo\/image\/","url":"http:\/\/www.scsconcept.com\/wp-content\/uploads\/2018\/01\/scs-concept-group-200.png","contentUrl":"http:\/\/www.scsconcept.com\/wp-content\/uploads\/2018\/01\/scs-concept-group-200.png","width":200,"height":200,"caption":"SCS Concept"},"image":{"@id":"https:\/\/www.scsconcept.com\/#\/schema\/logo\/image\/"}}]}},"_links":{"self":[{"href":"https:\/\/www.scsconcept.com\/pt-br\/wp-json\/wp\/v2\/pages\/9522","targetHints":{"allow":["GET"]}}],"collection":[{"href":"https:\/\/www.scsconcept.com\/pt-br\/wp-json\/wp\/v2\/pages"}],"about":[{"href":"https:\/\/www.scsconcept.com\/pt-br\/wp-json\/wp\/v2\/types\/page"}],"author":[{"embeddable":true,"href":"https:\/\/www.scsconcept.com\/pt-br\/wp-json\/wp\/v2\/users\/5"}],"replies":[{"embeddable":true,"href":"https:\/\/www.scsconcept.com\/pt-br\/wp-json\/wp\/v2\/comments?post=9522"}],"version-history":[{"count":5,"href":"https:\/\/www.scsconcept.com\/pt-br\/wp-json\/wp\/v2\/pages\/9522\/revisions"}],"predecessor-version":[{"id":13776,"href":"https:\/\/www.scsconcept.com\/pt-br\/wp-json\/wp\/v2\/pages\/9522\/revisions\/13776"}],"wp:attachment":[{"href":"https:\/\/www.scsconcept.com\/pt-br\/wp-json\/wp\/v2\/media?parent=9522"}],"curies":[{"name":"wp","href":"https:\/\/api.w.org\/{rel}","templated":true}]}}