{"id":8989,"date":"2018-03-02T11:00:58","date_gmt":"2018-03-02T11:00:58","guid":{"rendered":"https:\/\/www.scsconcept.com\/?page_id=8989"},"modified":"2022-05-10T16:15:46","modified_gmt":"2022-05-10T16:15:46","slug":"awt-probador-automatico-de-llaves","status":"publish","type":"page","link":"https:\/\/www.scsconcept.com\/es\/awt-probador-automatico-de-llaves\/","title":{"rendered":"AWT \u2013 Probador autom\u00e1tico de llaves"},"content":{"rendered":"<section class=\"wpb-content-wrapper\"><p>[vc_row dfd_bg_style=\u00bbimage\u00bb dfd_parallax_style=\u00bbdfd_vertical_parallax\u00bb dfd_bg_image_new=\u00bb6082&#8243; dfd_overlay_color=\u00bb#ffffff\u00bb dfd_overlay_pattern=\u00bbtransperant\u00bb dfd_overlay_pattern_opacity=\u00bb85&#8243; dfd_row_config=\u00bbfull_width_content\u00bb dfd_row_responsive_enable=\u00bbdfd-row-responsive-enable\u00bb css=\u00bb.vc_custom_1518012783766{padding-right: 5% !important;padding-left: 5% !important;}\u00bb responsive_styles=\u00bbpadding_left_desktop:20|padding_right_desktop:20|padding_left_tablet:20|padding_right_tablet:20|padding_left_mobile:10|padding_right_mobile:10&#8243;][vc_column dfd_column_responsive_enable=\u00bbdfd-column-responsive-enable\u00bb responsive_styles=\u00bbpadding_left_mobile:10|padding_right_mobile:10&#8243;][vc_row_inner][vc_column_inner dfd_column_responsive_enable=\u00bbdfd-column-responsive-enable\u00bb css=\u00bb.vc_custom_1503581599802{padding-right: 20% !important;padding-left: 20% !important;}\u00bb responsive_styles=\u00bbpadding_left_desktop:80|padding_right_desktop:80|padding_left_tablet:10|padding_right_tablet:10|padding_left_mobile:10|padding_right_mobile:10&#8243;]<div class=\"dfd-spacer-module\"  data-units=\"px\" data-wide_resolution=\"1280\" data-wide_size=\"100\" data-normal_resolution=\"1024\" data-normal_size=\"60\" data-tablet_resolution=\"800\" data-tablet_size=\"40\" data-mobile_resolution=\"480\" data-mobile_size=\"40\" style=\"height: 100px;\"><\/div><div class=\"dfd-heading-shortcode\"><div class=\"dfd-heading-module-wrap  text-center style_01 cr-animate-gen dfd-heading-69d9faf329968 dfd-disable-resposive-headings\" id=\"dfd-heading-69d9faf329968\" data-animate-type = \"transition.expandIn\" ><div class=\"inline-block\"><div class=\"dfd-heading-module\"><h1 class=\"widget-title dfd-title \" style=\"\">AWT \u2013 Probador Autom\u00e1tico de Llaves<\/h1><div class=\"dfd-heading-delimiter dfd-img-lazy-load\"><\/div><\/div><\/div><\/div><script type=\"text\/javascript\">\r\n\t\t\t\t\t\t\t\t\t(function($) {\r\n\t\t\t\t\t\t\t\t\t\t$(\"head\").append(\"<style>.dfd-heading-69d9faf329968.dfd-heading-module-wrap .dfd-heading-module .dfd-heading-delimiter {border-bottom-style:solid;border-bottom-width:1px;width:140px;border-bottom-color:#ea5d1c;}.dfd-heading-69d9faf329968 .dfd-heading-module .widget-title {margin-bottom:15px;}.dfd-heading-69d9faf329968.dfd-heading-module-wrap .dfd-heading-module .dfd-heading-delimiter {margin-top:30px;margin-bottom:10px;}<\/style>\");\r\n\t\t\t\t\t\t\t\t\t})(jQuery);\r\n\t\t\t\t\t\t\t\t<\/script><\/div><div class=\"dfd-spacer-module\"  data-units=\"px\" data-wide_resolution=\"1280\" data-wide_size=\"30\" data-normal_resolution=\"1024\" data-normal_size=\"30\" data-tablet_resolution=\"800\" data-tablet_size=\"30\" data-mobile_resolution=\"480\" data-mobile_size=\"30\" style=\"height: 30px;\"><\/div>[\/vc_column_inner][\/vc_row_inner][vc_row_inner][vc_column_inner width=\u00bb1\/2&#8243;]<div class=\"dfd-spacer-module\"  data-units=\"px\" data-wide_resolution=\"1280\" data-wide_size=\"80\" data-normal_resolution=\"1024\" data-normal_size=\"40\" data-tablet_resolution=\"800\" data-tablet_size=\"40\" data-mobile_resolution=\"480\" data-mobile_size=\"20\" style=\"height: 80px;\"><\/div><div class=\"dfd-heading-shortcode\"><div class=\"dfd-heading-module-wrap  text-left style_01 dfd-heading-69d9faf329c19 dfd-disable-resposive-headings\" id=\"dfd-heading-69d9faf329c19\" ><div class=\"inline-block\"><div class=\"dfd-heading-module\"><h2 class=\"widget-title dfd-title \" style=\"font-size: 35px; color: #565656 !important; line-height: 30px; \">AWT<\/h2><div class=\"dfd-heading-delimiter dfd-img-lazy-load\"><\/div><\/div><\/div><\/div><script type=\"text\/javascript\">\r\n\t\t\t\t\t\t\t\t\t(function($) {\r\n\t\t\t\t\t\t\t\t\t\t$(\"head\").append(\"<style>.dfd-heading-69d9faf329c19.dfd-heading-module-wrap .dfd-heading-module .dfd-heading-delimiter {border-bottom-style:solid;border-bottom-width:1px;width:200px;border-bottom-color:#ea5d1c;}.dfd-heading-69d9faf329c19 .dfd-heading-module .widget-title {margin-bottom:20px;}.dfd-heading-69d9faf329c19.dfd-heading-module-wrap .dfd-heading-module .dfd-heading-delimiter {margin-top:10px;margin-bottom:10px;}@media only screen and (max-width: 799px) {.dfd-heading-69d9faf329c19 {text-align: center;}}<\/style>\");\r\n\t\t\t\t\t\t\t\t\t})(jQuery);\r\n\t\t\t\t\t\t\t\t<\/script><\/div>[vc_column_text css=\u00bb.vc_custom_1519988623476{padding-bottom: 8px !important;}\u00bb]<strong>AWT<\/strong> es un banco para la prueba autom\u00e1tica de llaves de par (clic y dial), permite ejecutar prueba de aguante y corto (CmCmk e ISO6789).[\/vc_column_text]<div class=\"dfd-spacer-module\"  data-units=\"px\" data-wide_resolution=\"1280\" data-wide_size=\"40\" data-normal_resolution=\"1024\" data-normal_size=\"40\" data-tablet_resolution=\"800\" data-tablet_size=\"20\" data-mobile_resolution=\"480\" data-mobile_size=\"20\" style=\"height: 40px;\"><\/div>[vc_column_text]<\/p>\n<div class=\"button-position\"><a class=\"button-layout\" href=\"http:\/\/www.scsconcept.com\/brochure\/es\/AWT.pdf\" target=\"_blank\" rel=\"noopener noreferrer\">Download <strong>Brochure<\/strong><\/a><\/div>\n<p>[\/vc_column_text]<div class=\"dfd-spacer-module\"  data-units=\"px\" data-wide_resolution=\"1280\" data-wide_size=\"20\" data-normal_resolution=\"1024\" data-normal_size=\"20\" data-tablet_resolution=\"800\" data-tablet_size=\"20\" data-mobile_resolution=\"480\" data-mobile_size=\"20\" style=\"height: 20px;\"><\/div>[\/vc_column_inner][vc_column_inner width=\u00bb1\/2&#8243;]<div id=\"dfd-single-image-module69d9faf32a6a9-2155\" class=\"dfd-single-image-module  image-center  cr-animate-gen dfd-img-lazy-load\" data-animate-type = \"transition.fadeIn\" ><img  title=\"AWT \u2013 Probador autom\u00e1tico de llaves\" loading=\"lazy\" decoding=\"async\" src=\"data:image\/svg+xml;charset=utf-8,%3Csvg xmlns%3D'http%3A%2F%2Fwww.w3.org%2F2000%2Fsvg' viewBox%3D'0 0 1000 897'%2F%3E\" data-src=\"https:\/\/www.scsconcept.com\/wp-content\/uploads\/2022\/05\/AWT-banco-automatico-nero.png\" width=\"1000\" height=\"897\"   alt=\"AWT \u2013 Probador autom\u00e1tico de llaves\"  \/><\/div><div class=\"dfd-spacer-module\"  data-units=\"px\" data-wide_resolution=\"1280\" data-wide_size=\"20\" data-normal_resolution=\"1024\" data-normal_size=\"20\" data-tablet_resolution=\"800\" data-tablet_size=\"20\" data-mobile_resolution=\"480\" data-mobile_size=\"20\" style=\"height: 20px;\"><\/div>[\/vc_column_inner][\/vc_row_inner]<div class=\"dfd-spacer-module\"  data-units=\"px\" data-wide_resolution=\"1280\" data-wide_size=\"80\" data-normal_resolution=\"1024\" data-normal_size=\"40\" data-tablet_resolution=\"800\" data-tablet_size=\"40\" data-mobile_resolution=\"480\" data-mobile_size=\"20\" style=\"height: 80px;\"><\/div>[\/vc_column][\/vc_row][vc_row dfd_overlay_color=\u00bb#ffffff\u00bb dfd_overlay_pattern=\u00bbtransperant\u00bb dfd_overlay_pattern_opacity=\u00bb85&#8243; dfd_row_config=\u00bbfull_width_content_paddings\u00bb dfd_row_responsive_enable=\u00bbdfd-row-responsive-enable\u00bb css=\u00bb.vc_custom_1630668875644{padding-right: 8% !important;padding-left: 8% !important;background-color: #ffffff !important;}\u00bb responsive_styles=\u00bbpadding_left_desktop:20|padding_right_desktop:20|padding_left_tablet:20|padding_right_tablet:20|padding_left_mobile:10|padding_right_mobile:10&#8243;][vc_column][vc_row_inner][vc_column_inner css=\u00bb.vc_custom_1517831880555{padding-right: 2% !important;padding-left: 2% !important;}\u00bb]<div class=\"dfd-spacer-module\"  data-units=\"px\" data-wide_resolution=\"1280\" data-wide_size=\"80\" data-normal_resolution=\"1024\" data-normal_size=\"80\" data-tablet_resolution=\"800\" data-tablet_size=\"80\" data-mobile_resolution=\"480\" data-mobile_size=\"80\" style=\"height: 80px;\"><\/div><div class=\"dfd-heading-shortcode\"><div class=\"dfd-heading-module-wrap  text-left style_01 dfd-heading-69d9faf32a9ad dfd-disable-resposive-headings\" id=\"dfd-heading-69d9faf32a9ad\" ><div class=\"inline-block\"><div class=\"dfd-heading-module\"><h2 class=\"widget-title dfd-title \" style=\"font-size: 35px; \">Funciones<\/h2><div class=\"dfd-heading-delimiter dfd-img-lazy-load\"><\/div><\/div><\/div><\/div><script type=\"text\/javascript\">\r\n\t\t\t\t\t\t\t\t\t(function($) {\r\n\t\t\t\t\t\t\t\t\t\t$(\"head\").append(\"<style>.dfd-heading-69d9faf32a9ad.dfd-heading-module-wrap .dfd-heading-module .dfd-heading-delimiter {border-bottom-style:solid;border-bottom-width:1px;width:140px;border-bottom-color:#ea5d1c;}.dfd-heading-69d9faf32a9ad.dfd-heading-module-wrap .dfd-heading-module .dfd-heading-delimiter {margin-top:10px;margin-bottom:10px;}<\/style>\");\r\n\t\t\t\t\t\t\t\t\t})(jQuery);\r\n\t\t\t\t\t\t\t\t<\/script><\/div>[\/vc_column_inner][\/vc_row_inner][vc_row_inner][vc_column_inner width=\u00bb1\/2&#8243; css=\u00bb.vc_custom_1517831167436{padding-right: 2% !important;padding-left: 2% !important;}\u00bb]<div class=\"dfd-spacer-module\"  data-units=\"px\" data-wide_resolution=\"1280\" data-wide_size=\"20\" data-normal_resolution=\"1024\" data-normal_size=\"20\" data-tablet_resolution=\"800\" data-tablet_size=\"20\" data-mobile_resolution=\"480\" data-mobile_size=\"20\" style=\"height: 20px;\"><\/div>[vc_column_text]<\/p>\n<ul>\n<li>Prueba autom\u00e1tica de llaves seg\u00fan la norma ISO 6789<\/li>\n<li>Detecci\u00f3n autom\u00e1tica del punto de clic de llaves dinamom\u00e9tricas de clic<\/li>\n<li>Pruebas comparadas para llaves con comparaci\u00f3n de par entre el banco y la llave a prueba<\/li>\n<li>Prueba en sentido horario y sentido antihorario<\/li>\n<li>Base de datos con archivo de herramientas, planificaci\u00f3n y ejecuci\u00f3n de pruebas, almacenamiento de resultados<\/li>\n<\/ul>\n<p>[\/vc_column_text]<div class=\"dfd-spacer-module\"  data-units=\"px\" data-wide_resolution=\"1280\" data-wide_size=\"80\" data-normal_resolution=\"1024\" data-normal_size=\"80\" data-tablet_resolution=\"800\" data-tablet_size=\"30\" data-mobile_resolution=\"480\" data-mobile_size=\"30\" style=\"height: 80px;\"><\/div>[\/vc_column_inner][vc_column_inner width=\u00bb1\/2&#8243; css=\u00bb.vc_custom_1517234265907{padding-right: 3% !important;padding-left: 3% !important;}\u00bb]<div class=\"dfd-spacer-module\"  data-units=\"px\" data-wide_resolution=\"1280\" data-wide_size=\"20\" data-normal_resolution=\"1024\" data-normal_size=\"20\" data-tablet_resolution=\"800\" data-tablet_size=\"20\" data-mobile_resolution=\"480\" data-mobile_size=\"20\" style=\"height: 20px;\"><\/div>[vc_column_text]<\/p>\n<ul>\n<li>Estad\u00edstica e informes<\/li>\n<li>Equipado con transductores motorizados con capacidad configurable, dependiendo de las herramientas a probar en la l\u00ednea de producci\u00f3n<\/li>\n<li>Programaci\u00f3n local o a distancia mediante software de gesti\u00f3n para control de calidad de la l\u00ednea de producci\u00f3n<\/li>\n<li>Base de datos local o en servidor<\/li>\n<li>Precisi\u00f3n del par inferior al 0,5 % seg\u00fan la norma DIN 51309<\/li>\n<li>Fuente de alimentaci\u00f3n de CA con bater\u00eda de respaldo<\/li>\n<\/ul>\n<p>[\/vc_column_text]<div class=\"dfd-spacer-module\"  data-units=\"px\" data-wide_resolution=\"1280\" data-wide_size=\"80\" data-normal_resolution=\"1024\" data-normal_size=\"80\" data-tablet_resolution=\"800\" data-tablet_size=\"80\" data-mobile_resolution=\"480\" data-mobile_size=\"80\" style=\"height: 80px;\"><\/div>[\/vc_column_inner][\/vc_row_inner][\/vc_column][\/vc_row]<\/p>\n<\/section>","protected":false},"excerpt":{"rendered":"<p>[vc_row dfd_bg_style=\u00bbimage\u00bb dfd_parallax_style=\u00bbdfd_vertical_parallax\u00bb dfd_bg_image_new=\u00bb6082&#8243; dfd_overlay_color=\u00bb#ffffff\u00bb dfd_overlay_pattern=\u00bbtransperant\u00bb dfd_overlay_pattern_opacity=\u00bb85&#8243; dfd_row_config=\u00bbfull_width_content\u00bb dfd_row_responsive_enable=\u00bbdfd-row-responsive-enable\u00bb css=\u00bb.vc_custom_1518012783766{padding-right: 5% !important;padding-left: 5% !important;}\u00bb responsive_styles=\u00bbpadding_left_desktop:20|padding_right_desktop:20|padding_left_tablet:20|padding_right_tablet:20|padding_left_mobile:10|padding_right_mobile:10&#8243;][vc_column dfd_column_responsive_enable=\u00bbdfd-column-responsive-enable\u00bb responsive_styles=\u00bbpadding_left_mobile:10|padding_right_mobile:10&#8243;][vc_row_inner][vc_column_inner dfd_column_responsive_enable=\u00bbdfd-column-responsive-enable\u00bb css=\u00bb.vc_custom_1503581599802{padding-right: 20% !important;padding-left: 20% !important;}\u00bb responsive_styles=\u00bbpadding_left_desktop:80|padding_right_desktop:80|padding_left_tablet:10|padding_right_tablet:10|padding_left_mobile:10|padding_right_mobile:10&#8243;][\/vc_column_inner][\/vc_row_inner][vc_row_inner][vc_column_inner width=\u00bb1\/2&#8243;][vc_column_text css=\u00bb.vc_custom_1519988623476{padding-bottom: 8px !important;}\u00bb]AWT es un<\/p>\n","protected":false},"author":5,"featured_media":0,"parent":0,"menu_order":0,"comment_status":"closed","ping_status":"closed","template":"page-custom.php","meta":{"footnotes":""},"class_list":["post-8989","page","type-page","status-publish","hentry"],"acf":[],"yoast_head":"<!-- This site is optimized with the Yoast SEO plugin v20.5 - https:\/\/yoast.com\/wordpress\/plugins\/seo\/ -->\n<title>AWT \u2013 Probador autom\u00e1tico de llaves - SCS Concept<\/title>\n<meta name=\"robots\" content=\"index, follow, max-snippet:-1, max-image-preview:large, max-video-preview:-1\" \/>\n<link rel=\"canonical\" href=\"https:\/\/www.scsconcept.com\/es\/awt-probador-automatico-de-llaves\/\" \/>\n<meta property=\"og:locale\" content=\"es_ES\" \/>\n<meta property=\"og:type\" content=\"article\" \/>\n<meta property=\"og:title\" content=\"AWT \u2013 Probador autom\u00e1tico de llaves - SCS Concept\" \/>\n<meta property=\"og:description\" content=\"[vc_row dfd_bg_style=\u00bbimage\u00bb dfd_parallax_style=\u00bbdfd_vertical_parallax\u00bb dfd_bg_image_new=\u00bb6082&#8243; dfd_overlay_color=\u00bb#ffffff\u00bb dfd_overlay_pattern=\u00bbtransperant\u00bb dfd_overlay_pattern_opacity=\u00bb85&#8243; dfd_row_config=\u00bbfull_width_content\u00bb dfd_row_responsive_enable=\u00bbdfd-row-responsive-enable\u00bb css=\u00bb.vc_custom_1518012783766{padding-right: 5% !important;padding-left: 5% !important;}\u00bb responsive_styles=\u00bbpadding_left_desktop:20|padding_right_desktop:20|padding_left_tablet:20|padding_right_tablet:20|padding_left_mobile:10|padding_right_mobile:10&#8243;][vc_column dfd_column_responsive_enable=\u00bbdfd-column-responsive-enable\u00bb responsive_styles=\u00bbpadding_left_mobile:10|padding_right_mobile:10&#8243;][vc_row_inner][vc_column_inner dfd_column_responsive_enable=\u00bbdfd-column-responsive-enable\u00bb css=\u00bb.vc_custom_1503581599802{padding-right: 20% !important;padding-left: 20% !important;}\u00bb responsive_styles=\u00bbpadding_left_desktop:80|padding_right_desktop:80|padding_left_tablet:10|padding_right_tablet:10|padding_left_mobile:10|padding_right_mobile:10&#8243;][\/vc_column_inner][\/vc_row_inner][vc_row_inner][vc_column_inner width=\u00bb1\/2&#8243;][vc_column_text css=\u00bb.vc_custom_1519988623476{padding-bottom: 8px !important;}\u00bb]AWT es un\" \/>\n<meta property=\"og:url\" content=\"https:\/\/www.scsconcept.com\/es\/awt-probador-automatico-de-llaves\/\" \/>\n<meta property=\"og:site_name\" content=\"SCS Concept\" \/>\n<meta property=\"article:modified_time\" content=\"2022-05-10T16:15:46+00:00\" \/>\n<meta name=\"twitter:card\" content=\"summary_large_image\" \/>\n<meta name=\"twitter:label1\" content=\"Tiempo de lectura\" \/>\n\t<meta name=\"twitter:data1\" content=\"5 minutos\" \/>\n<script type=\"application\/ld+json\" class=\"yoast-schema-graph\">{\"@context\":\"https:\/\/schema.org\",\"@graph\":[{\"@type\":\"WebPage\",\"@id\":\"https:\/\/www.scsconcept.com\/es\/awt-probador-automatico-de-llaves\/\",\"url\":\"https:\/\/www.scsconcept.com\/es\/awt-probador-automatico-de-llaves\/\",\"name\":\"AWT \u2013 Probador autom\u00e1tico de llaves - SCS Concept\",\"isPartOf\":{\"@id\":\"https:\/\/www.scsconcept.com\/#website\"},\"datePublished\":\"2018-03-02T11:00:58+00:00\",\"dateModified\":\"2022-05-10T16:15:46+00:00\",\"breadcrumb\":{\"@id\":\"https:\/\/www.scsconcept.com\/es\/awt-probador-automatico-de-llaves\/#breadcrumb\"},\"inLanguage\":\"es\",\"potentialAction\":[{\"@type\":\"ReadAction\",\"target\":[\"https:\/\/www.scsconcept.com\/es\/awt-probador-automatico-de-llaves\/\"]}]},{\"@type\":\"BreadcrumbList\",\"@id\":\"https:\/\/www.scsconcept.com\/es\/awt-probador-automatico-de-llaves\/#breadcrumb\",\"itemListElement\":[{\"@type\":\"ListItem\",\"position\":1,\"name\":\"Home\",\"item\":\"https:\/\/www.scsconcept.com\/es\/\"},{\"@type\":\"ListItem\",\"position\":2,\"name\":\"AWT \u2013 Probador autom\u00e1tico de llaves\"}]},{\"@type\":\"WebSite\",\"@id\":\"https:\/\/www.scsconcept.com\/#website\",\"url\":\"https:\/\/www.scsconcept.com\/\",\"name\":\"SCS Concept\",\"description\":\"Soluzioni Avanzate per il serraggio e controllo qualit\u00e0\",\"publisher\":{\"@id\":\"https:\/\/www.scsconcept.com\/#organization\"},\"potentialAction\":[{\"@type\":\"SearchAction\",\"target\":{\"@type\":\"EntryPoint\",\"urlTemplate\":\"https:\/\/www.scsconcept.com\/?s={search_term_string}\"},\"query-input\":\"required name=search_term_string\"}],\"inLanguage\":\"es\"},{\"@type\":\"Organization\",\"@id\":\"https:\/\/www.scsconcept.com\/#organization\",\"name\":\"SCS Concept\",\"url\":\"https:\/\/www.scsconcept.com\/\",\"logo\":{\"@type\":\"ImageObject\",\"inLanguage\":\"es\",\"@id\":\"https:\/\/www.scsconcept.com\/#\/schema\/logo\/image\/\",\"url\":\"http:\/\/www.scsconcept.com\/wp-content\/uploads\/2018\/01\/scs-concept-group-200.png\",\"contentUrl\":\"http:\/\/www.scsconcept.com\/wp-content\/uploads\/2018\/01\/scs-concept-group-200.png\",\"width\":200,\"height\":200,\"caption\":\"SCS Concept\"},\"image\":{\"@id\":\"https:\/\/www.scsconcept.com\/#\/schema\/logo\/image\/\"}}]}<\/script>\n<!-- \/ Yoast SEO plugin. -->","yoast_head_json":{"title":"AWT \u2013 Probador autom\u00e1tico de llaves - SCS Concept","robots":{"index":"index","follow":"follow","max-snippet":"max-snippet:-1","max-image-preview":"max-image-preview:large","max-video-preview":"max-video-preview:-1"},"canonical":"https:\/\/www.scsconcept.com\/es\/awt-probador-automatico-de-llaves\/","og_locale":"es_ES","og_type":"article","og_title":"AWT \u2013 Probador autom\u00e1tico de llaves - SCS Concept","og_description":"[vc_row dfd_bg_style=\u00bbimage\u00bb dfd_parallax_style=\u00bbdfd_vertical_parallax\u00bb dfd_bg_image_new=\u00bb6082&#8243; dfd_overlay_color=\u00bb#ffffff\u00bb dfd_overlay_pattern=\u00bbtransperant\u00bb dfd_overlay_pattern_opacity=\u00bb85&#8243; dfd_row_config=\u00bbfull_width_content\u00bb dfd_row_responsive_enable=\u00bbdfd-row-responsive-enable\u00bb css=\u00bb.vc_custom_1518012783766{padding-right: 5% !important;padding-left: 5% !important;}\u00bb responsive_styles=\u00bbpadding_left_desktop:20|padding_right_desktop:20|padding_left_tablet:20|padding_right_tablet:20|padding_left_mobile:10|padding_right_mobile:10&#8243;][vc_column dfd_column_responsive_enable=\u00bbdfd-column-responsive-enable\u00bb responsive_styles=\u00bbpadding_left_mobile:10|padding_right_mobile:10&#8243;][vc_row_inner][vc_column_inner dfd_column_responsive_enable=\u00bbdfd-column-responsive-enable\u00bb css=\u00bb.vc_custom_1503581599802{padding-right: 20% !important;padding-left: 20% !important;}\u00bb responsive_styles=\u00bbpadding_left_desktop:80|padding_right_desktop:80|padding_left_tablet:10|padding_right_tablet:10|padding_left_mobile:10|padding_right_mobile:10&#8243;][\/vc_column_inner][\/vc_row_inner][vc_row_inner][vc_column_inner width=\u00bb1\/2&#8243;][vc_column_text css=\u00bb.vc_custom_1519988623476{padding-bottom: 8px !important;}\u00bb]AWT es un","og_url":"https:\/\/www.scsconcept.com\/es\/awt-probador-automatico-de-llaves\/","og_site_name":"SCS Concept","article_modified_time":"2022-05-10T16:15:46+00:00","twitter_card":"summary_large_image","twitter_misc":{"Tiempo de lectura":"5 minutos"},"schema":{"@context":"https:\/\/schema.org","@graph":[{"@type":"WebPage","@id":"https:\/\/www.scsconcept.com\/es\/awt-probador-automatico-de-llaves\/","url":"https:\/\/www.scsconcept.com\/es\/awt-probador-automatico-de-llaves\/","name":"AWT \u2013 Probador autom\u00e1tico de llaves - SCS Concept","isPartOf":{"@id":"https:\/\/www.scsconcept.com\/#website"},"datePublished":"2018-03-02T11:00:58+00:00","dateModified":"2022-05-10T16:15:46+00:00","breadcrumb":{"@id":"https:\/\/www.scsconcept.com\/es\/awt-probador-automatico-de-llaves\/#breadcrumb"},"inLanguage":"es","potentialAction":[{"@type":"ReadAction","target":["https:\/\/www.scsconcept.com\/es\/awt-probador-automatico-de-llaves\/"]}]},{"@type":"BreadcrumbList","@id":"https:\/\/www.scsconcept.com\/es\/awt-probador-automatico-de-llaves\/#breadcrumb","itemListElement":[{"@type":"ListItem","position":1,"name":"Home","item":"https:\/\/www.scsconcept.com\/es\/"},{"@type":"ListItem","position":2,"name":"AWT \u2013 Probador autom\u00e1tico de llaves"}]},{"@type":"WebSite","@id":"https:\/\/www.scsconcept.com\/#website","url":"https:\/\/www.scsconcept.com\/","name":"SCS Concept","description":"Soluzioni Avanzate per il serraggio e controllo qualit\u00e0","publisher":{"@id":"https:\/\/www.scsconcept.com\/#organization"},"potentialAction":[{"@type":"SearchAction","target":{"@type":"EntryPoint","urlTemplate":"https:\/\/www.scsconcept.com\/?s={search_term_string}"},"query-input":"required name=search_term_string"}],"inLanguage":"es"},{"@type":"Organization","@id":"https:\/\/www.scsconcept.com\/#organization","name":"SCS Concept","url":"https:\/\/www.scsconcept.com\/","logo":{"@type":"ImageObject","inLanguage":"es","@id":"https:\/\/www.scsconcept.com\/#\/schema\/logo\/image\/","url":"http:\/\/www.scsconcept.com\/wp-content\/uploads\/2018\/01\/scs-concept-group-200.png","contentUrl":"http:\/\/www.scsconcept.com\/wp-content\/uploads\/2018\/01\/scs-concept-group-200.png","width":200,"height":200,"caption":"SCS Concept"},"image":{"@id":"https:\/\/www.scsconcept.com\/#\/schema\/logo\/image\/"}}]}},"_links":{"self":[{"href":"https:\/\/www.scsconcept.com\/es\/wp-json\/wp\/v2\/pages\/8989","targetHints":{"allow":["GET"]}}],"collection":[{"href":"https:\/\/www.scsconcept.com\/es\/wp-json\/wp\/v2\/pages"}],"about":[{"href":"https:\/\/www.scsconcept.com\/es\/wp-json\/wp\/v2\/types\/page"}],"author":[{"embeddable":true,"href":"https:\/\/www.scsconcept.com\/es\/wp-json\/wp\/v2\/users\/5"}],"replies":[{"embeddable":true,"href":"https:\/\/www.scsconcept.com\/es\/wp-json\/wp\/v2\/comments?post=8989"}],"version-history":[{"count":8,"href":"https:\/\/www.scsconcept.com\/es\/wp-json\/wp\/v2\/pages\/8989\/revisions"}],"predecessor-version":[{"id":25336,"href":"https:\/\/www.scsconcept.com\/es\/wp-json\/wp\/v2\/pages\/8989\/revisions\/25336"}],"wp:attachment":[{"href":"https:\/\/www.scsconcept.com\/es\/wp-json\/wp\/v2\/media?parent=8989"}],"curies":[{"name":"wp","href":"https:\/\/api.w.org\/{rel}","templated":true}]}}