{"id":8471,"date":"2018-02-26T14:56:02","date_gmt":"2018-02-26T14:56:02","guid":{"rendered":"https:\/\/www.scsconcept.com\/?page_id=8471"},"modified":"2018-06-18T17:14:27","modified_gmt":"2018-06-18T17:14:27","slug":"hohes-drehmoment","status":"publish","type":"page","link":"https:\/\/www.scsconcept.com\/de\/hohes-drehmoment\/","title":{"rendered":"Hohes Drehmoment"},"content":{"rendered":"<section class=\"wpb-content-wrapper\"><p>[vc_row dfd_row_config=&#8220;full_width_content&#8220; dfd_row_responsive_enable=&#8220;dfd-row-responsive-enable&#8220; dfd_bg_style=&#8220;image&#8220; dfd_parallax_style=&#8220;dfd_vertical_parallax&#8220; dfd_bg_image_new=&#8220;5704&#8243; dfd_overlay_color=&#8220;#ffffff&#8220; dfd_overlay_pattern=&#8220;transperant&#8220; dfd_overlay_pattern_opacity=&#8220;85&#8243; css=&#8220;.vc_custom_1517271725287{padding-right: 5% !important;padding-left: 5% !important;}&#8220; responsive_styles=&#8220;padding_left_desktop:20|padding_right_desktop:20|padding_left_tablet:20|padding_right_tablet:20|padding_left_mobile:10|padding_right_mobile:10&#8243;][vc_column dfd_column_responsive_enable=&#8220;dfd-column-responsive-enable&#8220; responsive_styles=&#8220;padding_left_mobile:10|padding_right_mobile:10&#8243;][vc_row_inner][vc_column_inner dfd_column_responsive_enable=&#8220;dfd-column-responsive-enable&#8220; css=&#8220;.vc_custom_1503581599802{padding-right: 20% !important;padding-left: 20% !important;}&#8220; responsive_styles=&#8220;padding_left_desktop:80|padding_right_desktop:80|padding_left_tablet:10|padding_right_tablet:10|padding_left_mobile:10|padding_right_mobile:10&#8243;]<div class=\"dfd-spacer-module\"  data-units=\"px\" data-wide_resolution=\"1280\" data-wide_size=\"100\" data-normal_resolution=\"1024\" data-normal_size=\"60\" data-tablet_resolution=\"800\" data-tablet_size=\"40\" data-mobile_resolution=\"480\" data-mobile_size=\"40\" style=\"height: 100px;\"><\/div><div class=\"dfd-heading-shortcode\"><div class=\"dfd-heading-module-wrap  text-center style_01 cr-animate-gen dfd-heading-69da346e12387 dfd-disable-resposive-headings\" id=\"dfd-heading-69da346e12387\" data-animate-type = \"transition.expandIn\" ><div class=\"inline-block\"><div class=\"dfd-heading-module\"><h1 class=\"widget-title dfd-title \" style=\"\">Hohes Drehmoment<\/h1><div class=\"dfd-heading-delimiter dfd-img-lazy-load\"><\/div><\/div><\/div><\/div><script type=\"text\/javascript\">\r\n\t\t\t\t\t\t\t\t\t(function($) {\r\n\t\t\t\t\t\t\t\t\t\t$(\"head\").append(\"<style>.dfd-heading-69da346e12387.dfd-heading-module-wrap .dfd-heading-module .dfd-heading-delimiter {border-bottom-style:solid;border-bottom-width:1px;width:140px;border-bottom-color:#ea5d1c;}.dfd-heading-69da346e12387 .dfd-heading-module .widget-title {margin-bottom:15px;}.dfd-heading-69da346e12387.dfd-heading-module-wrap .dfd-heading-module .dfd-heading-delimiter {margin-top:30px;margin-bottom:10px;}<\/style>\");\r\n\t\t\t\t\t\t\t\t\t})(jQuery);\r\n\t\t\t\t\t\t\t\t<\/script><\/div><div class=\"dfd-spacer-module\"  data-units=\"px\" data-wide_resolution=\"1280\" data-wide_size=\"30\" data-normal_resolution=\"1024\" data-normal_size=\"30\" data-tablet_resolution=\"800\" data-tablet_size=\"30\" data-mobile_resolution=\"480\" data-mobile_size=\"30\" style=\"height: 30px;\"><\/div>[\/vc_column_inner][\/vc_row_inner][vc_row_inner][vc_column_inner width=&#8220;1\/2&#8243;]<div class=\"dfd-spacer-module\"  data-units=\"px\" data-wide_resolution=\"1280\" data-wide_size=\"40\" data-normal_resolution=\"1024\" data-normal_size=\"40\" data-tablet_resolution=\"800\" data-tablet_size=\"40\" data-mobile_resolution=\"480\" data-mobile_size=\"20\" style=\"height: 40px;\"><\/div><div class=\"dfd-heading-shortcode\"><div class=\"dfd-heading-module-wrap  text-left style_01 dfd-heading-69da346e12560 dfd-disable-resposive-headings\" id=\"dfd-heading-69da346e12560\" ><div class=\"inline-block\"><div class=\"dfd-heading-module\"><h2 class=\"widget-title dfd-title \" style=\"font-size: 28px; color: #565656 !important; line-height: 30px; \">SCS bietet eine breite palette von instrumenten und l\u00f6sungen f\u00fcr die tests von hohen drehmomenten<\/h2><\/div><\/div><\/div><script type=\"text\/javascript\">\r\n\t\t\t\t\t\t\t\t\t(function($) {\r\n\t\t\t\t\t\t\t\t\t\t$(\"head\").append(\"<style>.dfd-heading-69da346e12560 .dfd-heading-module .widget-title {margin-bottom:30px;}.dfd-heading-69da346e12560.dfd-heading-module-wrap .dfd-heading-module .dfd-heading-delimiter {margin-top:10px;margin-bottom:10px;}@media (max-width: 799px){.dfd-heading-69da346e12560 .dfd-title{line-height: 42px !important;}}@media only screen and (max-width: 799px) {.dfd-heading-69da346e12560 {text-align: center;}}<\/style>\");\r\n\t\t\t\t\t\t\t\t\t})(jQuery);\r\n\t\t\t\t\t\t\t\t<\/script><\/div><div class=\"dfd-heading-shortcode\"><div class=\"dfd-heading-module-wrap  text-left style_01 dfd-heading-69da346e12678 dfd-disable-resposive-headings\" id=\"dfd-heading-69da346e12678\" ><div class=\"inline-block\"><div class=\"dfd-heading-module\"><h3 class=\"widget-sub-title dfd-sub-title \" style=\"font-size: 18px; color: #ea5d1c !important; \">Rotierende Messwertgeber Drehmoment\/Winkel und nur Drehmoment<\/h3><\/div><\/div><\/div><script type=\"text\/javascript\">\r\n\t\t\t\t\t\t\t\t\t(function($) {\r\n\t\t\t\t\t\t\t\t\t\t$(\"head\").append(\"<style>.dfd-heading-69da346e12678 .dfd-heading-module .widget-title {margin-bottom:20px;}.dfd-heading-69da346e12678.dfd-heading-module-wrap .dfd-heading-module .dfd-heading-delimiter {margin-top:10px;margin-bottom:10px;}@media (max-width: 799px){.dfd-heading-69da346e12678 .dfd-title{line-height: 42px !important;}}@media only screen and (max-width: 799px) {.dfd-heading-69da346e12678 {text-align: center;}}<\/style>\");\r\n\t\t\t\t\t\t\t\t\t})(jQuery);\r\n\t\t\t\t\t\t\t\t<\/script><\/div>[vc_column_text css=&#8220;.vc_custom_1519657144655{padding-bottom: 8px !important;}&#8220;]<\/p>\n<p class=\"p1\">Die n\u00e4chste Abbildung zeigt einen\u00a0<a href=\"http:\/\/scsconcept.de\/drehmomentwinkel-aufnehmer-und-verbindungssimulatoren\/\"><strong>SCS-Aufnehmer<\/strong><\/a>, der f\u00fcr die Bestimmung des minimalen Drehmoments f\u00fcr das \u00d6ffnen und Schlie\u00dfen des Ventils verwendet wird.\u00a0Der\u00a0<a href=\"http:\/\/www.scsconcept.com\/data-analyzer-torque-angle-datatouch3\/\"><strong>DataTouch<sup>3<\/sup><\/strong><\/a>\u00a0\u00a0ist mit dem Aufnehmer verbunden und zeigt das maximale Drehmoment und die Rotation des Schafts (Winkel) an.<\/p>\n<p>[\/vc_column_text]<div class=\"dfd-spacer-module\"  data-units=\"px\" data-wide_resolution=\"1280\" data-wide_size=\"20\" data-normal_resolution=\"1024\" data-normal_size=\"20\" data-tablet_resolution=\"800\" data-tablet_size=\"20\" data-mobile_resolution=\"480\" data-mobile_size=\"20\" style=\"height: 20px;\"><\/div><div class=\"dfd-heading-shortcode\"><div class=\"dfd-heading-module-wrap  text-left style_01 dfd-heading-69da346e127e3 dfd-disable-resposive-headings\" id=\"dfd-heading-69da346e127e3\" ><div class=\"inline-block\"><div class=\"dfd-heading-module\"><h3 class=\"widget-sub-title dfd-sub-title \" style=\"font-size: 18px; color: #ea5d1c !important; \">Drehmoment\/Zeit- und Drehmoment\/Winkel-Kurven<\/h3><\/div><\/div><\/div><script type=\"text\/javascript\">\r\n\t\t\t\t\t\t\t\t\t(function($) {\r\n\t\t\t\t\t\t\t\t\t\t$(\"head\").append(\"<style>.dfd-heading-69da346e127e3 .dfd-heading-module .widget-title {margin-bottom:20px;}.dfd-heading-69da346e127e3.dfd-heading-module-wrap .dfd-heading-module .dfd-heading-delimiter {margin-top:10px;margin-bottom:10px;}@media (max-width: 799px){.dfd-heading-69da346e127e3 .dfd-title{line-height: 42px !important;}}@media only screen and (max-width: 799px) {.dfd-heading-69da346e127e3 {text-align: center;}}<\/style>\");\r\n\t\t\t\t\t\t\t\t\t})(jQuery);\r\n\t\t\t\t\t\t\t\t<\/script><\/div>[vc_column_text css=&#8220;.vc_custom_1519657204829{padding-bottom: 8px !important;}&#8220;]<\/p>\n<p class=\"p1\">Der\u00a0<a href=\"http:\/\/www.scsconcept.com\/data-analyzer-torque-angle-datatouch3\/\"><strong>DataTouch<sup>3<\/sup><\/strong><\/a>\u00a0erm\u00f6glicht die Analyse von DrehmomentZeit- und DrehmomentWinkel-Kurven in den \u00d6ffnungs- und Schlie\u00dfphasen der Ventile. Mit der SCS<a href=\"http:\/\/scsconcept.de\/freedom-lab-explorer\/\"><strong>\u00a0F3 Lab-Explorer<\/strong><\/a>-Software k\u00f6nnen Kurven und Ergebnisse an einen PC gesendet werden.<strong>\u00a0<\/strong><\/p>\n<p>[\/vc_column_text]<div class=\"dfd-spacer-module\"  data-units=\"px\" data-wide_resolution=\"1280\" data-wide_size=\"20\" data-normal_resolution=\"1024\" data-normal_size=\"20\" data-tablet_resolution=\"800\" data-tablet_size=\"20\" data-mobile_resolution=\"480\" data-mobile_size=\"20\" style=\"height: 20px;\"><\/div><div class=\"dfd-heading-shortcode\"><div class=\"dfd-heading-module-wrap  text-left style_01 dfd-heading-69da346e12907 dfd-disable-resposive-headings\" id=\"dfd-heading-69da346e12907\" ><div class=\"inline-block\"><div class=\"dfd-heading-module\"><h3 class=\"widget-sub-title dfd-sub-title \" style=\"font-size: 18px; color: #ea5d1c !important; \">Pr\u00fcfstand f\u00fcr hydraulische Drehmomentschl\u00fcssel<\/h3><\/div><\/div><\/div><script type=\"text\/javascript\">\r\n\t\t\t\t\t\t\t\t\t(function($) {\r\n\t\t\t\t\t\t\t\t\t\t$(\"head\").append(\"<style>.dfd-heading-69da346e12907 .dfd-heading-module .widget-title {margin-bottom:20px;}.dfd-heading-69da346e12907.dfd-heading-module-wrap .dfd-heading-module .dfd-heading-delimiter {margin-top:10px;margin-bottom:10px;}@media (max-width: 799px){.dfd-heading-69da346e12907 .dfd-title{line-height: 42px !important;}}@media only screen and (max-width: 799px) {.dfd-heading-69da346e12907 {text-align: center;}}<\/style>\");\r\n\t\t\t\t\t\t\t\t\t})(jQuery);\r\n\t\t\t\t\t\t\t\t<\/script><\/div>[vc_column_text css=&#8220;.vc_custom_1529342064861{padding-bottom: 8px !important;}&#8220;]<\/p>\n<p class=\"p1\">Auf dem Pr\u00fcfstand f\u00fcr hydraulische Drehmomentschl\u00fcssel kann eine Vielzahl von Drehmoment-Aufnehmern installiert werden, um niedrige und hohe Drehmomentwerte zu testen. Es ist auch m\u00f6glich, externe drahtlose Aufnehmer (Bluetooth) zu verbinden, falls Tests nicht direkt auf dem Pr\u00fcfstand ausgef\u00fchrt werden k\u00f6nnen. Mit der Data.Pro-Software k\u00f6nnen DrehmomentZeit- und DrehmomentWinkel-Kurven und jedes einzelne Testergebnis gespeichert werden.<\/p>\n<p>[\/vc_column_text]<div class=\"dfd-spacer-module\"  data-units=\"px\" data-wide_resolution=\"1280\" data-wide_size=\"40\" data-normal_resolution=\"1024\" data-normal_size=\"40\" data-tablet_resolution=\"800\" data-tablet_size=\"20\" data-mobile_resolution=\"480\" data-mobile_size=\"20\" style=\"height: 40px;\"><\/div>[vc_column_text]<\/p>\n<div class=\"button-position\"><a class=\"button-layout\" href=\"http:\/\/www.scsconcept.com\/brochure\/de\/High-Torque.pdf\" target=\"_blank\" rel=\"noopener\">Download <strong>Brochure<\/strong><\/a><\/div>\n<p>[\/vc_column_text]<div class=\"dfd-spacer-module\"  data-units=\"px\" data-wide_resolution=\"1280\" data-wide_size=\"20\" data-normal_resolution=\"1024\" data-normal_size=\"20\" data-tablet_resolution=\"800\" data-tablet_size=\"20\" data-mobile_resolution=\"480\" data-mobile_size=\"20\" style=\"height: 20px;\"><\/div>[\/vc_column_inner][vc_column_inner width=&#8220;1\/2&#8243;]<div class=\"dfd-spacer-module\"  data-units=\"px\" data-wide_resolution=\"1280\" data-wide_size=\"20\" data-normal_resolution=\"1024\" data-normal_size=\"20\" data-tablet_resolution=\"800\" data-tablet_size=\"20\" data-mobile_resolution=\"480\" data-mobile_size=\"20\" style=\"height: 20px;\"><\/div><div id=\"dfd-single-image-module69da346e13183-6381\" class=\"dfd-single-image-module  image-center  cr-animate-gen dfd-img-lazy-load\" data-animate-type = \"transition.fadeIn\" ><img  title=\"Hohes Drehmoment\" loading=\"lazy\" decoding=\"async\" src=\"data:image\/svg+xml;charset=utf-8,%3Csvg xmlns%3D'http%3A%2F%2Fwww.w3.org%2F2000%2Fsvg' viewBox%3D'0 0 1000 563'%2F%3E\" data-src=\"https:\/\/www.scsconcept.com\/wp-content\/uploads\/2018\/01\/coppie-elevate-trasduttori.jpg\" width=\"1000\" height=\"563\"   alt=\"Hohes Drehmoment\"  \/><\/div><div class=\"dfd-spacer-module\"  data-units=\"px\" data-wide_resolution=\"1280\" data-wide_size=\"20\" data-normal_resolution=\"1024\" data-normal_size=\"20\" data-tablet_resolution=\"800\" data-tablet_size=\"20\" data-mobile_resolution=\"480\" data-mobile_size=\"20\" style=\"height: 20px;\"><\/div>[\/vc_column_inner][\/vc_row_inner]<div class=\"dfd-spacer-module\"  data-units=\"px\" data-wide_resolution=\"1280\" data-wide_size=\"80\" data-normal_resolution=\"1024\" data-normal_size=\"40\" data-tablet_resolution=\"800\" data-tablet_size=\"40\" data-mobile_resolution=\"480\" data-mobile_size=\"20\" style=\"height: 80px;\"><\/div>[\/vc_column][\/vc_row]<\/p>\n<\/section>","protected":false},"excerpt":{"rendered":"<p>[vc_row dfd_row_config=&#8220;full_width_content&#8220; dfd_row_responsive_enable=&#8220;dfd-row-responsive-enable&#8220; dfd_bg_style=&#8220;image&#8220; dfd_parallax_style=&#8220;dfd_vertical_parallax&#8220; dfd_bg_image_new=&#8220;5704&#8243; dfd_overlay_color=&#8220;#ffffff&#8220; dfd_overlay_pattern=&#8220;transperant&#8220; dfd_overlay_pattern_opacity=&#8220;85&#8243; css=&#8220;.vc_custom_1517271725287{padding-right: 5% !important;padding-left: 5% !important;}&#8220; responsive_styles=&#8220;padding_left_desktop:20|padding_right_desktop:20|padding_left_tablet:20|padding_right_tablet:20|padding_left_mobile:10|padding_right_mobile:10&#8243;][vc_column dfd_column_responsive_enable=&#8220;dfd-column-responsive-enable&#8220; responsive_styles=&#8220;padding_left_mobile:10|padding_right_mobile:10&#8243;][vc_row_inner][vc_column_inner dfd_column_responsive_enable=&#8220;dfd-column-responsive-enable&#8220; css=&#8220;.vc_custom_1503581599802{padding-right: 20% !important;padding-left: 20% !important;}&#8220; responsive_styles=&#8220;padding_left_desktop:80|padding_right_desktop:80|padding_left_tablet:10|padding_right_tablet:10|padding_left_mobile:10|padding_right_mobile:10&#8243;][\/vc_column_inner][\/vc_row_inner][vc_row_inner][vc_column_inner width=&#8220;1\/2&#8243;][vc_column_text css=&#8220;.vc_custom_1519657144655{padding-bottom: 8px !important;}&#8220;] Die n\u00e4chste<\/p>\n","protected":false},"author":5,"featured_media":0,"parent":0,"menu_order":0,"comment_status":"closed","ping_status":"closed","template":"page-custom.php","meta":{"footnotes":""},"class_list":["post-8471","page","type-page","status-publish","hentry"],"acf":[],"yoast_head":"<!-- This site is optimized with the Yoast SEO plugin v20.5 - https:\/\/yoast.com\/wordpress\/plugins\/seo\/ -->\n<title>Hohes Drehmoment - SCS Concept<\/title>\n<meta name=\"robots\" content=\"index, follow, max-snippet:-1, max-image-preview:large, max-video-preview:-1\" \/>\n<link rel=\"canonical\" href=\"https:\/\/www.scsconcept.com\/de\/hohes-drehmoment\/\" \/>\n<meta property=\"og:locale\" content=\"de_DE\" \/>\n<meta property=\"og:type\" content=\"article\" \/>\n<meta property=\"og:title\" content=\"Hohes Drehmoment - SCS Concept\" \/>\n<meta property=\"og:description\" content=\"[vc_row dfd_row_config=&#8220;full_width_content&#8220; dfd_row_responsive_enable=&#8220;dfd-row-responsive-enable&#8220; dfd_bg_style=&#8220;image&#8220; dfd_parallax_style=&#8220;dfd_vertical_parallax&#8220; dfd_bg_image_new=&#8220;5704&#8243; dfd_overlay_color=&#8220;#ffffff&#8220; dfd_overlay_pattern=&#8220;transperant&#8220; dfd_overlay_pattern_opacity=&#8220;85&#8243; css=&#8220;.vc_custom_1517271725287{padding-right: 5% !important;padding-left: 5% !important;}&#8220; responsive_styles=&#8220;padding_left_desktop:20|padding_right_desktop:20|padding_left_tablet:20|padding_right_tablet:20|padding_left_mobile:10|padding_right_mobile:10&#8243;][vc_column dfd_column_responsive_enable=&#8220;dfd-column-responsive-enable&#8220; responsive_styles=&#8220;padding_left_mobile:10|padding_right_mobile:10&#8243;][vc_row_inner][vc_column_inner dfd_column_responsive_enable=&#8220;dfd-column-responsive-enable&#8220; css=&#8220;.vc_custom_1503581599802{padding-right: 20% !important;padding-left: 20% !important;}&#8220; responsive_styles=&#8220;padding_left_desktop:80|padding_right_desktop:80|padding_left_tablet:10|padding_right_tablet:10|padding_left_mobile:10|padding_right_mobile:10&#8243;][\/vc_column_inner][\/vc_row_inner][vc_row_inner][vc_column_inner width=&#8220;1\/2&#8243;][vc_column_text css=&#8220;.vc_custom_1519657144655{padding-bottom: 8px !important;}&#8220;] Die n\u00e4chste\" \/>\n<meta property=\"og:url\" content=\"https:\/\/www.scsconcept.com\/de\/hohes-drehmoment\/\" \/>\n<meta property=\"og:site_name\" content=\"SCS Concept\" \/>\n<meta property=\"article:modified_time\" content=\"2018-06-18T17:14:27+00:00\" \/>\n<meta name=\"twitter:card\" content=\"summary_large_image\" \/>\n<meta name=\"twitter:label1\" content=\"Gesch\u00e4tzte Lesezeit\" \/>\n\t<meta name=\"twitter:data1\" content=\"4\u00a0Minuten\" \/>\n<script type=\"application\/ld+json\" class=\"yoast-schema-graph\">{\"@context\":\"https:\/\/schema.org\",\"@graph\":[{\"@type\":\"WebPage\",\"@id\":\"https:\/\/www.scsconcept.com\/de\/hohes-drehmoment\/\",\"url\":\"https:\/\/www.scsconcept.com\/de\/hohes-drehmoment\/\",\"name\":\"Hohes Drehmoment - SCS Concept\",\"isPartOf\":{\"@id\":\"https:\/\/www.scsconcept.com\/#website\"},\"datePublished\":\"2018-02-26T14:56:02+00:00\",\"dateModified\":\"2018-06-18T17:14:27+00:00\",\"breadcrumb\":{\"@id\":\"https:\/\/www.scsconcept.com\/de\/hohes-drehmoment\/#breadcrumb\"},\"inLanguage\":\"de\",\"potentialAction\":[{\"@type\":\"ReadAction\",\"target\":[\"https:\/\/www.scsconcept.com\/de\/hohes-drehmoment\/\"]}]},{\"@type\":\"BreadcrumbList\",\"@id\":\"https:\/\/www.scsconcept.com\/de\/hohes-drehmoment\/#breadcrumb\",\"itemListElement\":[{\"@type\":\"ListItem\",\"position\":1,\"name\":\"Home\",\"item\":\"https:\/\/www.scsconcept.com\/de\/\"},{\"@type\":\"ListItem\",\"position\":2,\"name\":\"Hohes Drehmoment\"}]},{\"@type\":\"WebSite\",\"@id\":\"https:\/\/www.scsconcept.com\/#website\",\"url\":\"https:\/\/www.scsconcept.com\/\",\"name\":\"SCS Concept\",\"description\":\"Soluzioni Avanzate per il serraggio e controllo qualit\u00e0\",\"publisher\":{\"@id\":\"https:\/\/www.scsconcept.com\/#organization\"},\"potentialAction\":[{\"@type\":\"SearchAction\",\"target\":{\"@type\":\"EntryPoint\",\"urlTemplate\":\"https:\/\/www.scsconcept.com\/?s={search_term_string}\"},\"query-input\":\"required name=search_term_string\"}],\"inLanguage\":\"de\"},{\"@type\":\"Organization\",\"@id\":\"https:\/\/www.scsconcept.com\/#organization\",\"name\":\"SCS Concept\",\"url\":\"https:\/\/www.scsconcept.com\/\",\"logo\":{\"@type\":\"ImageObject\",\"inLanguage\":\"de\",\"@id\":\"https:\/\/www.scsconcept.com\/#\/schema\/logo\/image\/\",\"url\":\"http:\/\/www.scsconcept.com\/wp-content\/uploads\/2018\/01\/scs-concept-group-200.png\",\"contentUrl\":\"http:\/\/www.scsconcept.com\/wp-content\/uploads\/2018\/01\/scs-concept-group-200.png\",\"width\":200,\"height\":200,\"caption\":\"SCS Concept\"},\"image\":{\"@id\":\"https:\/\/www.scsconcept.com\/#\/schema\/logo\/image\/\"}}]}<\/script>\n<!-- \/ Yoast SEO plugin. -->","yoast_head_json":{"title":"Hohes Drehmoment - SCS Concept","robots":{"index":"index","follow":"follow","max-snippet":"max-snippet:-1","max-image-preview":"max-image-preview:large","max-video-preview":"max-video-preview:-1"},"canonical":"https:\/\/www.scsconcept.com\/de\/hohes-drehmoment\/","og_locale":"de_DE","og_type":"article","og_title":"Hohes Drehmoment - SCS Concept","og_description":"[vc_row dfd_row_config=&#8220;full_width_content&#8220; dfd_row_responsive_enable=&#8220;dfd-row-responsive-enable&#8220; dfd_bg_style=&#8220;image&#8220; dfd_parallax_style=&#8220;dfd_vertical_parallax&#8220; dfd_bg_image_new=&#8220;5704&#8243; dfd_overlay_color=&#8220;#ffffff&#8220; dfd_overlay_pattern=&#8220;transperant&#8220; dfd_overlay_pattern_opacity=&#8220;85&#8243; css=&#8220;.vc_custom_1517271725287{padding-right: 5% !important;padding-left: 5% !important;}&#8220; responsive_styles=&#8220;padding_left_desktop:20|padding_right_desktop:20|padding_left_tablet:20|padding_right_tablet:20|padding_left_mobile:10|padding_right_mobile:10&#8243;][vc_column dfd_column_responsive_enable=&#8220;dfd-column-responsive-enable&#8220; responsive_styles=&#8220;padding_left_mobile:10|padding_right_mobile:10&#8243;][vc_row_inner][vc_column_inner dfd_column_responsive_enable=&#8220;dfd-column-responsive-enable&#8220; css=&#8220;.vc_custom_1503581599802{padding-right: 20% !important;padding-left: 20% !important;}&#8220; responsive_styles=&#8220;padding_left_desktop:80|padding_right_desktop:80|padding_left_tablet:10|padding_right_tablet:10|padding_left_mobile:10|padding_right_mobile:10&#8243;][\/vc_column_inner][\/vc_row_inner][vc_row_inner][vc_column_inner width=&#8220;1\/2&#8243;][vc_column_text css=&#8220;.vc_custom_1519657144655{padding-bottom: 8px !important;}&#8220;] Die n\u00e4chste","og_url":"https:\/\/www.scsconcept.com\/de\/hohes-drehmoment\/","og_site_name":"SCS Concept","article_modified_time":"2018-06-18T17:14:27+00:00","twitter_card":"summary_large_image","twitter_misc":{"Gesch\u00e4tzte Lesezeit":"4\u00a0Minuten"},"schema":{"@context":"https:\/\/schema.org","@graph":[{"@type":"WebPage","@id":"https:\/\/www.scsconcept.com\/de\/hohes-drehmoment\/","url":"https:\/\/www.scsconcept.com\/de\/hohes-drehmoment\/","name":"Hohes Drehmoment - SCS Concept","isPartOf":{"@id":"https:\/\/www.scsconcept.com\/#website"},"datePublished":"2018-02-26T14:56:02+00:00","dateModified":"2018-06-18T17:14:27+00:00","breadcrumb":{"@id":"https:\/\/www.scsconcept.com\/de\/hohes-drehmoment\/#breadcrumb"},"inLanguage":"de","potentialAction":[{"@type":"ReadAction","target":["https:\/\/www.scsconcept.com\/de\/hohes-drehmoment\/"]}]},{"@type":"BreadcrumbList","@id":"https:\/\/www.scsconcept.com\/de\/hohes-drehmoment\/#breadcrumb","itemListElement":[{"@type":"ListItem","position":1,"name":"Home","item":"https:\/\/www.scsconcept.com\/de\/"},{"@type":"ListItem","position":2,"name":"Hohes Drehmoment"}]},{"@type":"WebSite","@id":"https:\/\/www.scsconcept.com\/#website","url":"https:\/\/www.scsconcept.com\/","name":"SCS Concept","description":"Soluzioni Avanzate per il serraggio e controllo qualit\u00e0","publisher":{"@id":"https:\/\/www.scsconcept.com\/#organization"},"potentialAction":[{"@type":"SearchAction","target":{"@type":"EntryPoint","urlTemplate":"https:\/\/www.scsconcept.com\/?s={search_term_string}"},"query-input":"required name=search_term_string"}],"inLanguage":"de"},{"@type":"Organization","@id":"https:\/\/www.scsconcept.com\/#organization","name":"SCS Concept","url":"https:\/\/www.scsconcept.com\/","logo":{"@type":"ImageObject","inLanguage":"de","@id":"https:\/\/www.scsconcept.com\/#\/schema\/logo\/image\/","url":"http:\/\/www.scsconcept.com\/wp-content\/uploads\/2018\/01\/scs-concept-group-200.png","contentUrl":"http:\/\/www.scsconcept.com\/wp-content\/uploads\/2018\/01\/scs-concept-group-200.png","width":200,"height":200,"caption":"SCS Concept"},"image":{"@id":"https:\/\/www.scsconcept.com\/#\/schema\/logo\/image\/"}}]}},"_links":{"self":[{"href":"https:\/\/www.scsconcept.com\/de\/wp-json\/wp\/v2\/pages\/8471","targetHints":{"allow":["GET"]}}],"collection":[{"href":"https:\/\/www.scsconcept.com\/de\/wp-json\/wp\/v2\/pages"}],"about":[{"href":"https:\/\/www.scsconcept.com\/de\/wp-json\/wp\/v2\/types\/page"}],"author":[{"embeddable":true,"href":"https:\/\/www.scsconcept.com\/de\/wp-json\/wp\/v2\/users\/5"}],"replies":[{"embeddable":true,"href":"https:\/\/www.scsconcept.com\/de\/wp-json\/wp\/v2\/comments?post=8471"}],"version-history":[{"count":5,"href":"https:\/\/www.scsconcept.com\/de\/wp-json\/wp\/v2\/pages\/8471\/revisions"}],"predecessor-version":[{"id":15809,"href":"https:\/\/www.scsconcept.com\/de\/wp-json\/wp\/v2\/pages\/8471\/revisions\/15809"}],"wp:attachment":[{"href":"https:\/\/www.scsconcept.com\/de\/wp-json\/wp\/v2\/media?parent=8471"}],"curies":[{"name":"wp","href":"https:\/\/api.w.org\/{rel}","templated":true}]}}