{"id":8434,"date":"2018-02-26T14:29:19","date_gmt":"2018-02-26T14:29:19","guid":{"rendered":"https:\/\/www.scsconcept.com\/?page_id=8434"},"modified":"2021-09-03T13:52:24","modified_gmt":"2021-09-03T13:52:24","slug":"mehrkanal-drehmoment-winkel-datenanalysegeraet","status":"publish","type":"page","link":"https:\/\/www.scsconcept.com\/de\/mehrkanal-drehmoment-winkel-datenanalysegeraet\/","title":{"rendered":"Mehrkanal Drehmoment-Winkel \u2013Datenanalyseger\u00e4t"},"content":{"rendered":"<section class=\"wpb-content-wrapper\"><p>[vc_row dfd_row_config=&#8220;full_width_content&#8220; dfd_row_responsive_enable=&#8220;dfd-row-responsive-enable&#8220; dfd_bg_style=&#8220;image&#8220; dfd_parallax_style=&#8220;dfd_vertical_parallax&#8220; dfd_bg_image_new=&#8220;6078&#8243; dfd_overlay_color=&#8220;#ffffff&#8220; dfd_overlay_pattern=&#8220;transperant&#8220; dfd_overlay_pattern_opacity=&#8220;85&#8243; css=&#8220;.vc_custom_1518012570360{padding-right: 5% !important;padding-left: 5% !important;}&#8220; responsive_styles=&#8220;padding_left_desktop:20|padding_right_desktop:20|padding_left_tablet:20|padding_right_tablet:20|padding_left_mobile:10|padding_right_mobile:10&#8243;][vc_column dfd_column_responsive_enable=&#8220;dfd-column-responsive-enable&#8220; responsive_styles=&#8220;padding_left_mobile:10|padding_right_mobile:10&#8243;][vc_row_inner][vc_column_inner dfd_column_responsive_enable=&#8220;dfd-column-responsive-enable&#8220; css=&#8220;.vc_custom_1517251912249{padding-right: 5% !important;padding-left: 5% !important;}&#8220; responsive_styles=&#8220;padding_left_desktop:80|padding_right_desktop:80|padding_left_tablet:10|padding_right_tablet:10|padding_left_mobile:10|padding_right_mobile:10&#8243;]<div class=\"dfd-spacer-module\"  data-units=\"px\" data-wide_resolution=\"1280\" data-wide_size=\"100\" data-normal_resolution=\"1024\" data-normal_size=\"60\" data-tablet_resolution=\"800\" data-tablet_size=\"40\" data-mobile_resolution=\"480\" data-mobile_size=\"40\" style=\"height: 100px;\"><\/div><div class=\"dfd-heading-shortcode\"><div class=\"dfd-heading-module-wrap  text-center style_01 cr-animate-gen dfd-heading-69f0e0186870e dfd-disable-resposive-headings\" id=\"dfd-heading-69f0e0186870e\" data-animate-type = \"transition.expandIn\" ><div class=\"inline-block\"><div class=\"dfd-heading-module\"><h1 class=\"widget-title dfd-title \" style=\"\">MTC-P &#8211; Mehrkanal Drehmoment\/Winkel \u2013Datenanalyseger\u00e4t<\/h1><div class=\"dfd-heading-delimiter dfd-img-lazy-load\"><\/div><\/div><\/div><\/div><script type=\"text\/javascript\">\r\n\t\t\t\t\t\t\t\t\t(function($) {\r\n\t\t\t\t\t\t\t\t\t\t$(\"head\").append(\"<style>.dfd-heading-69f0e0186870e.dfd-heading-module-wrap .dfd-heading-module .dfd-heading-delimiter {border-bottom-style:solid;border-bottom-width:1px;width:140px;border-bottom-color:#ea5d1c;}.dfd-heading-69f0e0186870e .dfd-heading-module .widget-title {margin-bottom:15px;}.dfd-heading-69f0e0186870e.dfd-heading-module-wrap .dfd-heading-module .dfd-heading-delimiter {margin-top:30px;margin-bottom:10px;}<\/style>\");\r\n\t\t\t\t\t\t\t\t\t})(jQuery);\r\n\t\t\t\t\t\t\t\t<\/script><\/div><div class=\"dfd-spacer-module\"  data-units=\"px\" data-wide_resolution=\"1280\" data-wide_size=\"30\" data-normal_resolution=\"1024\" data-normal_size=\"30\" data-tablet_resolution=\"800\" data-tablet_size=\"30\" data-mobile_resolution=\"480\" data-mobile_size=\"30\" style=\"height: 30px;\"><\/div>[\/vc_column_inner][\/vc_row_inner][vc_row_inner][vc_column_inner width=&#8220;1\/2&#8243;]<div class=\"dfd-spacer-module\"  data-units=\"px\" data-wide_resolution=\"1280\" data-wide_size=\"80\" data-normal_resolution=\"1024\" data-normal_size=\"40\" data-tablet_resolution=\"800\" data-tablet_size=\"40\" data-mobile_resolution=\"480\" data-mobile_size=\"20\" style=\"height: 80px;\"><\/div><div class=\"dfd-heading-shortcode\"><div class=\"dfd-heading-module-wrap  text-left style_01 dfd-heading-69f0e018688d7 dfd-disable-resposive-headings\" id=\"dfd-heading-69f0e018688d7\" ><div class=\"inline-block\"><div class=\"dfd-heading-module\"><h2 class=\"widget-title dfd-title \" style=\"font-size: 35px; color: #565656 !important; line-height: 30px; \">MTC-P<\/p>\n<p><\/h2><div class=\"dfd-heading-delimiter dfd-img-lazy-load\"><\/div><\/div><\/div><\/div><script type=\"text\/javascript\">\r\n\t\t\t\t\t\t\t\t\t(function($) {\r\n\t\t\t\t\t\t\t\t\t\t$(\"head\").append(\"<style>.dfd-heading-69f0e018688d7.dfd-heading-module-wrap .dfd-heading-module .dfd-heading-delimiter {border-bottom-style:solid;border-bottom-width:1px;width:200px;border-bottom-color:#ea5d1c;}.dfd-heading-69f0e018688d7 .dfd-heading-module .widget-title {margin-bottom:20px;}.dfd-heading-69f0e018688d7.dfd-heading-module-wrap .dfd-heading-module .dfd-heading-delimiter {margin-top:10px;margin-bottom:10px;}@media only screen and (max-width: 799px) {.dfd-heading-69f0e018688d7 {text-align: center;}}<\/style>\");\r\n\t\t\t\t\t\t\t\t\t})(jQuery);\r\n\t\t\t\t\t\t\t\t<\/script><\/div>[vc_column_text css=&#8220;.vc_custom_1519655460658{padding-bottom: 8px !important;}&#8220;]Das MTC-P Mehrkanal-Datenanalyseger\u00e4t ist die ideale L\u00f6sung zur \u00dcberpr\u00fcfung von Mehrfach-Schraubspindeln in der Produktionslinie.[\/vc_column_text][vc_column_text css=&#8220;.vc_custom_1519655486434{padding-bottom: 8px !important;}&#8220;]Eine gro\u00dfe Auswahl unterschiedlicher Messwertgeber k\u00f6nnen an das Ger\u00e4t angebunden werden, wobei auch die Konfiguration eines jeden Messwertgebers zum angeschlossenen Kanal hinterlegt wird.[\/vc_column_text][vc_column_text]Die Messungen werden von der Software Data.Pro verwaltet. Diese ist auf einem PC installiert, welcher \u00fcber USB mit dem MTC-P verbunden ist.[\/vc_column_text]<div class=\"dfd-spacer-module\"  data-units=\"px\" data-wide_resolution=\"1280\" data-wide_size=\"40\" data-normal_resolution=\"1024\" data-normal_size=\"40\" data-tablet_resolution=\"800\" data-tablet_size=\"20\" data-mobile_resolution=\"480\" data-mobile_size=\"20\" style=\"height: 40px;\"><\/div>[vc_column_text]<\/p>\n<div class=\"button-position\"><a class=\"button-layout\" href=\"http:\/\/www.scsconcept.com\/brochure\/de\/MTC-P.pdf\" target=\"_blank\" rel=\"noopener noreferrer\">Download <strong>Brochure<\/strong><\/a><\/div>\n<p>[\/vc_column_text]<div class=\"dfd-spacer-module\"  data-units=\"px\" data-wide_resolution=\"1280\" data-wide_size=\"20\" data-normal_resolution=\"1024\" data-normal_size=\"20\" data-tablet_resolution=\"800\" data-tablet_size=\"20\" data-mobile_resolution=\"480\" data-mobile_size=\"20\" style=\"height: 20px;\"><\/div>[\/vc_column_inner][vc_column_inner width=&#8220;1\/2&#8243;]<div class=\"dfd-spacer-module\"  data-units=\"px\" data-wide_resolution=\"1280\" data-wide_size=\"20\" data-normal_resolution=\"1024\" data-normal_size=\"20\" data-tablet_resolution=\"800\" data-tablet_size=\"20\" data-mobile_resolution=\"480\" data-mobile_size=\"20\" style=\"height: 20px;\"><\/div><div id=\"dfd-single-image-module69f0e018694f9-5455\" class=\"dfd-single-image-module  image-center  cr-animate-gen dfd-img-lazy-load\" data-animate-type = \"transition.fadeIn\" ><img  title=\"Mehrkanal Drehmoment-Winkel \u2013Datenanalyseger\u00e4t\" loading=\"lazy\" decoding=\"async\" src=\"data:image\/svg+xml;charset=utf-8,%3Csvg xmlns%3D'http%3A%2F%2Fwww.w3.org%2F2000%2Fsvg' viewBox%3D'0 0 1920 1080'%2F%3E\" data-src=\"https:\/\/www.scsconcept.com\/wp-content\/uploads\/2018\/01\/MTC-P-acquisizione-dati.png\" width=\"1920\" height=\"1080\"   alt=\"Mehrkanal Drehmoment-Winkel \u2013Datenanalyseger\u00e4t\"  \/><\/div><div class=\"dfd-spacer-module\"  data-units=\"px\" data-wide_resolution=\"1280\" data-wide_size=\"20\" data-normal_resolution=\"1024\" data-normal_size=\"20\" data-tablet_resolution=\"800\" data-tablet_size=\"20\" data-mobile_resolution=\"480\" data-mobile_size=\"20\" style=\"height: 20px;\"><\/div>[\/vc_column_inner][\/vc_row_inner]<div class=\"dfd-spacer-module\"  data-units=\"px\" data-wide_resolution=\"1280\" data-wide_size=\"80\" data-normal_resolution=\"1024\" data-normal_size=\"40\" data-tablet_resolution=\"800\" data-tablet_size=\"40\" data-mobile_resolution=\"480\" data-mobile_size=\"20\" style=\"height: 80px;\"><\/div>[\/vc_column][\/vc_row][vc_row dfd_row_config=&#8220;full_width_content_paddings&#8220; dfd_row_responsive_enable=&#8220;dfd-row-responsive-enable&#8220; dfd_overlay_color=&#8220;#ffffff&#8220; dfd_overlay_pattern=&#8220;transperant&#8220; dfd_overlay_pattern_opacity=&#8220;85&#8243; css=&#8220;.vc_custom_1630677140661{padding-right: 8% !important;padding-left: 8% !important;background-color: #ffffff !important;}&#8220; responsive_styles=&#8220;padding_left_desktop:20|padding_right_desktop:20|padding_left_tablet:20|padding_right_tablet:20|padding_left_mobile:10|padding_right_mobile:10&#8243;][vc_column][vc_row_inner][vc_column_inner width=&#8220;1\/2&#8243; css=&#8220;.vc_custom_1517234260579{padding-right: 3% !important;padding-left: 3% !important;}&#8220;]<div class=\"dfd-spacer-module\"  data-units=\"px\" data-wide_resolution=\"1280\" data-wide_size=\"80\" data-normal_resolution=\"1024\" data-normal_size=\"80\" data-tablet_resolution=\"800\" data-tablet_size=\"80\" data-mobile_resolution=\"480\" data-mobile_size=\"80\" style=\"height: 80px;\"><\/div><div class=\"dfd-heading-shortcode\"><div class=\"dfd-heading-module-wrap  text-left style_01 dfd-heading-69f0e01869702 dfd-disable-resposive-headings\" id=\"dfd-heading-69f0e01869702\" ><div class=\"inline-block\"><div class=\"dfd-heading-module\"><h2 class=\"widget-title dfd-title \" style=\"font-size: 35px; \">Funktionen<\/h2><div class=\"dfd-heading-delimiter dfd-img-lazy-load\"><\/div><\/div><\/div><\/div><script type=\"text\/javascript\">\r\n\t\t\t\t\t\t\t\t\t(function($) {\r\n\t\t\t\t\t\t\t\t\t\t$(\"head\").append(\"<style>.dfd-heading-69f0e01869702.dfd-heading-module-wrap .dfd-heading-module .dfd-heading-delimiter {border-bottom-style:solid;border-bottom-width:1px;width:140px;border-bottom-color:#ea5d1c;}.dfd-heading-69f0e01869702.dfd-heading-module-wrap .dfd-heading-module .dfd-heading-delimiter {margin-top:10px;margin-bottom:10px;}<\/style>\");\r\n\t\t\t\t\t\t\t\t\t})(jQuery);\r\n\t\t\t\t\t\t\t\t<\/script><\/div><div class=\"dfd-spacer-module\"  data-units=\"px\" data-wide_resolution=\"1280\" data-wide_size=\"20\" data-normal_resolution=\"1024\" data-normal_size=\"20\" data-tablet_resolution=\"800\" data-tablet_size=\"20\" data-mobile_resolution=\"480\" data-mobile_size=\"20\" style=\"height: 20px;\"><\/div>[vc_column_text]<\/p>\n<ul>\n<li>Drehmoment \/ Winkelmessung an bis zu 12 Kan\u00e4len<\/li>\n<li>Unverst\u00e4rkte (mV\/V) und verst\u00e4rkte (V) Messwertgeber anschlie\u00dfbar<\/li>\n<li>Pr\u00fcfung von Mehrfach-Schraubspindeln<\/li>\n<li>Speicherung der Pr\u00fcfkonfigurationen von Mehrkanaltests<\/li>\n<li>Cm-Cmk Auswertung<\/li>\n<li>Individuell anpassbare Anzahl von Kan\u00e4len<\/li>\n<\/ul>\n<p>[\/vc_column_text]<div class=\"dfd-spacer-module\"  data-units=\"px\" data-wide_resolution=\"1280\" data-wide_size=\"80\" data-normal_resolution=\"1024\" data-normal_size=\"80\" data-tablet_resolution=\"800\" data-tablet_size=\"30\" data-mobile_resolution=\"480\" data-mobile_size=\"30\" style=\"height: 80px;\"><\/div>[\/vc_column_inner][vc_column_inner width=&#8220;1\/2&#8243;]<div class=\"dfd-spacer-module\"  data-units=\"px\" data-wide_resolution=\"1280\" data-wide_size=\"80\" data-normal_resolution=\"1024\" data-normal_size=\"80\" data-tablet_resolution=\"800\" data-tablet_size=\"40\" data-mobile_resolution=\"480\" data-mobile_size=\"40\" style=\"height: 80px;\"><\/div><div id=\"dfd-single-image-module69f0e0186a0fd-7419\" class=\"dfd-single-image-module  image-center  dfd-img-lazy-load\" ><img  title=\"Mehrkanal Drehmoment-Winkel \u2013Datenanalyseger\u00e4t\" loading=\"lazy\" decoding=\"async\" src=\"data:image\/svg+xml;charset=utf-8,%3Csvg xmlns%3D'http%3A%2F%2Fwww.w3.org%2F2000%2Fsvg' viewBox%3D'0 0 1217 892'%2F%3E\" data-src=\"https:\/\/www.scsconcept.com\/wp-content\/uploads\/2018\/01\/Analizzatore-coppia-angolo-per-avvitatori-multipli.jpg\" width=\"1217\" height=\"892\"   alt=\"Mehrkanal Drehmoment-Winkel \u2013Datenanalyseger\u00e4t\"  \/><\/div><div class=\"dfd-spacer-module\"  data-units=\"px\" data-wide_resolution=\"1280\" data-wide_size=\"80\" data-normal_resolution=\"1024\" data-normal_size=\"80\" data-tablet_resolution=\"800\" data-tablet_size=\"80\" data-mobile_resolution=\"480\" data-mobile_size=\"80\" style=\"height: 80px;\"><\/div>[\/vc_column_inner][\/vc_row_inner][\/vc_column][\/vc_row]<\/p>\n<\/section>","protected":false},"excerpt":{"rendered":"<p>[vc_row dfd_row_config=&#8220;full_width_content&#8220; dfd_row_responsive_enable=&#8220;dfd-row-responsive-enable&#8220; dfd_bg_style=&#8220;image&#8220; dfd_parallax_style=&#8220;dfd_vertical_parallax&#8220; dfd_bg_image_new=&#8220;6078&#8243; dfd_overlay_color=&#8220;#ffffff&#8220; dfd_overlay_pattern=&#8220;transperant&#8220; dfd_overlay_pattern_opacity=&#8220;85&#8243; css=&#8220;.vc_custom_1518012570360{padding-right: 5% !important;padding-left: 5% !important;}&#8220; responsive_styles=&#8220;padding_left_desktop:20|padding_right_desktop:20|padding_left_tablet:20|padding_right_tablet:20|padding_left_mobile:10|padding_right_mobile:10&#8243;][vc_column dfd_column_responsive_enable=&#8220;dfd-column-responsive-enable&#8220; responsive_styles=&#8220;padding_left_mobile:10|padding_right_mobile:10&#8243;][vc_row_inner][vc_column_inner dfd_column_responsive_enable=&#8220;dfd-column-responsive-enable&#8220; css=&#8220;.vc_custom_1517251912249{padding-right: 5% !important;padding-left: 5% !important;}&#8220; responsive_styles=&#8220;padding_left_desktop:80|padding_right_desktop:80|padding_left_tablet:10|padding_right_tablet:10|padding_left_mobile:10|padding_right_mobile:10&#8243;][\/vc_column_inner][\/vc_row_inner][vc_row_inner][vc_column_inner width=&#8220;1\/2&#8243;][vc_column_text css=&#8220;.vc_custom_1519655460658{padding-bottom: 8px !important;}&#8220;]Das MTC-P Mehrkanal-Datenanalyseger\u00e4t<\/p>\n","protected":false},"author":5,"featured_media":0,"parent":0,"menu_order":0,"comment_status":"closed","ping_status":"closed","template":"page-custom.php","meta":{"footnotes":""},"class_list":["post-8434","page","type-page","status-publish","hentry"],"acf":[],"yoast_head":"<!-- This site is optimized with the Yoast SEO plugin v20.5 - https:\/\/yoast.com\/wordpress\/plugins\/seo\/ -->\n<title>Mehrkanal Drehmoment-Winkel \u2013Datenanalyseger\u00e4t - SCS Concept<\/title>\n<meta name=\"robots\" content=\"index, follow, max-snippet:-1, max-image-preview:large, max-video-preview:-1\" \/>\n<link rel=\"canonical\" href=\"https:\/\/www.scsconcept.com\/de\/mehrkanal-drehmoment-winkel-datenanalysegeraet\/\" \/>\n<meta property=\"og:locale\" content=\"de_DE\" \/>\n<meta property=\"og:type\" content=\"article\" \/>\n<meta property=\"og:title\" content=\"Mehrkanal Drehmoment-Winkel \u2013Datenanalyseger\u00e4t - SCS Concept\" \/>\n<meta property=\"og:description\" content=\"[vc_row dfd_row_config=&#8220;full_width_content&#8220; dfd_row_responsive_enable=&#8220;dfd-row-responsive-enable&#8220; dfd_bg_style=&#8220;image&#8220; dfd_parallax_style=&#8220;dfd_vertical_parallax&#8220; dfd_bg_image_new=&#8220;6078&#8243; dfd_overlay_color=&#8220;#ffffff&#8220; dfd_overlay_pattern=&#8220;transperant&#8220; dfd_overlay_pattern_opacity=&#8220;85&#8243; css=&#8220;.vc_custom_1518012570360{padding-right: 5% !important;padding-left: 5% !important;}&#8220; responsive_styles=&#8220;padding_left_desktop:20|padding_right_desktop:20|padding_left_tablet:20|padding_right_tablet:20|padding_left_mobile:10|padding_right_mobile:10&#8243;][vc_column dfd_column_responsive_enable=&#8220;dfd-column-responsive-enable&#8220; responsive_styles=&#8220;padding_left_mobile:10|padding_right_mobile:10&#8243;][vc_row_inner][vc_column_inner dfd_column_responsive_enable=&#8220;dfd-column-responsive-enable&#8220; css=&#8220;.vc_custom_1517251912249{padding-right: 5% !important;padding-left: 5% !important;}&#8220; responsive_styles=&#8220;padding_left_desktop:80|padding_right_desktop:80|padding_left_tablet:10|padding_right_tablet:10|padding_left_mobile:10|padding_right_mobile:10&#8243;][\/vc_column_inner][\/vc_row_inner][vc_row_inner][vc_column_inner width=&#8220;1\/2&#8243;][vc_column_text css=&#8220;.vc_custom_1519655460658{padding-bottom: 8px !important;}&#8220;]Das MTC-P Mehrkanal-Datenanalyseger\u00e4t\" \/>\n<meta property=\"og:url\" content=\"https:\/\/www.scsconcept.com\/de\/mehrkanal-drehmoment-winkel-datenanalysegeraet\/\" \/>\n<meta property=\"og:site_name\" content=\"SCS Concept\" \/>\n<meta property=\"article:modified_time\" content=\"2021-09-03T13:52:24+00:00\" \/>\n<meta name=\"twitter:card\" content=\"summary_large_image\" \/>\n<meta name=\"twitter:label1\" content=\"Gesch\u00e4tzte Lesezeit\" \/>\n\t<meta name=\"twitter:data1\" content=\"5\u00a0Minuten\" \/>\n<script type=\"application\/ld+json\" class=\"yoast-schema-graph\">{\"@context\":\"https:\/\/schema.org\",\"@graph\":[{\"@type\":\"WebPage\",\"@id\":\"https:\/\/www.scsconcept.com\/de\/mehrkanal-drehmoment-winkel-datenanalysegeraet\/\",\"url\":\"https:\/\/www.scsconcept.com\/de\/mehrkanal-drehmoment-winkel-datenanalysegeraet\/\",\"name\":\"Mehrkanal Drehmoment-Winkel \u2013Datenanalyseger\u00e4t - SCS Concept\",\"isPartOf\":{\"@id\":\"https:\/\/www.scsconcept.com\/#website\"},\"datePublished\":\"2018-02-26T14:29:19+00:00\",\"dateModified\":\"2021-09-03T13:52:24+00:00\",\"breadcrumb\":{\"@id\":\"https:\/\/www.scsconcept.com\/de\/mehrkanal-drehmoment-winkel-datenanalysegeraet\/#breadcrumb\"},\"inLanguage\":\"de\",\"potentialAction\":[{\"@type\":\"ReadAction\",\"target\":[\"https:\/\/www.scsconcept.com\/de\/mehrkanal-drehmoment-winkel-datenanalysegeraet\/\"]}]},{\"@type\":\"BreadcrumbList\",\"@id\":\"https:\/\/www.scsconcept.com\/de\/mehrkanal-drehmoment-winkel-datenanalysegeraet\/#breadcrumb\",\"itemListElement\":[{\"@type\":\"ListItem\",\"position\":1,\"name\":\"Home\",\"item\":\"https:\/\/www.scsconcept.com\/de\/\"},{\"@type\":\"ListItem\",\"position\":2,\"name\":\"Mehrkanal Drehmoment-Winkel \u2013Datenanalyseger\u00e4t\"}]},{\"@type\":\"WebSite\",\"@id\":\"https:\/\/www.scsconcept.com\/#website\",\"url\":\"https:\/\/www.scsconcept.com\/\",\"name\":\"SCS Concept\",\"description\":\"Soluzioni Avanzate per il serraggio e controllo qualit\u00e0\",\"publisher\":{\"@id\":\"https:\/\/www.scsconcept.com\/#organization\"},\"potentialAction\":[{\"@type\":\"SearchAction\",\"target\":{\"@type\":\"EntryPoint\",\"urlTemplate\":\"https:\/\/www.scsconcept.com\/?s={search_term_string}\"},\"query-input\":\"required name=search_term_string\"}],\"inLanguage\":\"de\"},{\"@type\":\"Organization\",\"@id\":\"https:\/\/www.scsconcept.com\/#organization\",\"name\":\"SCS Concept\",\"url\":\"https:\/\/www.scsconcept.com\/\",\"logo\":{\"@type\":\"ImageObject\",\"inLanguage\":\"de\",\"@id\":\"https:\/\/www.scsconcept.com\/#\/schema\/logo\/image\/\",\"url\":\"http:\/\/www.scsconcept.com\/wp-content\/uploads\/2018\/01\/scs-concept-group-200.png\",\"contentUrl\":\"http:\/\/www.scsconcept.com\/wp-content\/uploads\/2018\/01\/scs-concept-group-200.png\",\"width\":200,\"height\":200,\"caption\":\"SCS Concept\"},\"image\":{\"@id\":\"https:\/\/www.scsconcept.com\/#\/schema\/logo\/image\/\"}}]}<\/script>\n<!-- \/ Yoast SEO plugin. -->","yoast_head_json":{"title":"Mehrkanal Drehmoment-Winkel \u2013Datenanalyseger\u00e4t - SCS Concept","robots":{"index":"index","follow":"follow","max-snippet":"max-snippet:-1","max-image-preview":"max-image-preview:large","max-video-preview":"max-video-preview:-1"},"canonical":"https:\/\/www.scsconcept.com\/de\/mehrkanal-drehmoment-winkel-datenanalysegeraet\/","og_locale":"de_DE","og_type":"article","og_title":"Mehrkanal Drehmoment-Winkel \u2013Datenanalyseger\u00e4t - SCS Concept","og_description":"[vc_row dfd_row_config=&#8220;full_width_content&#8220; dfd_row_responsive_enable=&#8220;dfd-row-responsive-enable&#8220; dfd_bg_style=&#8220;image&#8220; dfd_parallax_style=&#8220;dfd_vertical_parallax&#8220; dfd_bg_image_new=&#8220;6078&#8243; dfd_overlay_color=&#8220;#ffffff&#8220; dfd_overlay_pattern=&#8220;transperant&#8220; dfd_overlay_pattern_opacity=&#8220;85&#8243; css=&#8220;.vc_custom_1518012570360{padding-right: 5% !important;padding-left: 5% !important;}&#8220; responsive_styles=&#8220;padding_left_desktop:20|padding_right_desktop:20|padding_left_tablet:20|padding_right_tablet:20|padding_left_mobile:10|padding_right_mobile:10&#8243;][vc_column dfd_column_responsive_enable=&#8220;dfd-column-responsive-enable&#8220; responsive_styles=&#8220;padding_left_mobile:10|padding_right_mobile:10&#8243;][vc_row_inner][vc_column_inner dfd_column_responsive_enable=&#8220;dfd-column-responsive-enable&#8220; css=&#8220;.vc_custom_1517251912249{padding-right: 5% !important;padding-left: 5% !important;}&#8220; responsive_styles=&#8220;padding_left_desktop:80|padding_right_desktop:80|padding_left_tablet:10|padding_right_tablet:10|padding_left_mobile:10|padding_right_mobile:10&#8243;][\/vc_column_inner][\/vc_row_inner][vc_row_inner][vc_column_inner width=&#8220;1\/2&#8243;][vc_column_text css=&#8220;.vc_custom_1519655460658{padding-bottom: 8px !important;}&#8220;]Das MTC-P Mehrkanal-Datenanalyseger\u00e4t","og_url":"https:\/\/www.scsconcept.com\/de\/mehrkanal-drehmoment-winkel-datenanalysegeraet\/","og_site_name":"SCS Concept","article_modified_time":"2021-09-03T13:52:24+00:00","twitter_card":"summary_large_image","twitter_misc":{"Gesch\u00e4tzte Lesezeit":"5\u00a0Minuten"},"schema":{"@context":"https:\/\/schema.org","@graph":[{"@type":"WebPage","@id":"https:\/\/www.scsconcept.com\/de\/mehrkanal-drehmoment-winkel-datenanalysegeraet\/","url":"https:\/\/www.scsconcept.com\/de\/mehrkanal-drehmoment-winkel-datenanalysegeraet\/","name":"Mehrkanal Drehmoment-Winkel \u2013Datenanalyseger\u00e4t - SCS Concept","isPartOf":{"@id":"https:\/\/www.scsconcept.com\/#website"},"datePublished":"2018-02-26T14:29:19+00:00","dateModified":"2021-09-03T13:52:24+00:00","breadcrumb":{"@id":"https:\/\/www.scsconcept.com\/de\/mehrkanal-drehmoment-winkel-datenanalysegeraet\/#breadcrumb"},"inLanguage":"de","potentialAction":[{"@type":"ReadAction","target":["https:\/\/www.scsconcept.com\/de\/mehrkanal-drehmoment-winkel-datenanalysegeraet\/"]}]},{"@type":"BreadcrumbList","@id":"https:\/\/www.scsconcept.com\/de\/mehrkanal-drehmoment-winkel-datenanalysegeraet\/#breadcrumb","itemListElement":[{"@type":"ListItem","position":1,"name":"Home","item":"https:\/\/www.scsconcept.com\/de\/"},{"@type":"ListItem","position":2,"name":"Mehrkanal Drehmoment-Winkel \u2013Datenanalyseger\u00e4t"}]},{"@type":"WebSite","@id":"https:\/\/www.scsconcept.com\/#website","url":"https:\/\/www.scsconcept.com\/","name":"SCS Concept","description":"Soluzioni Avanzate per il serraggio e controllo qualit\u00e0","publisher":{"@id":"https:\/\/www.scsconcept.com\/#organization"},"potentialAction":[{"@type":"SearchAction","target":{"@type":"EntryPoint","urlTemplate":"https:\/\/www.scsconcept.com\/?s={search_term_string}"},"query-input":"required name=search_term_string"}],"inLanguage":"de"},{"@type":"Organization","@id":"https:\/\/www.scsconcept.com\/#organization","name":"SCS Concept","url":"https:\/\/www.scsconcept.com\/","logo":{"@type":"ImageObject","inLanguage":"de","@id":"https:\/\/www.scsconcept.com\/#\/schema\/logo\/image\/","url":"http:\/\/www.scsconcept.com\/wp-content\/uploads\/2018\/01\/scs-concept-group-200.png","contentUrl":"http:\/\/www.scsconcept.com\/wp-content\/uploads\/2018\/01\/scs-concept-group-200.png","width":200,"height":200,"caption":"SCS Concept"},"image":{"@id":"https:\/\/www.scsconcept.com\/#\/schema\/logo\/image\/"}}]}},"_links":{"self":[{"href":"https:\/\/www.scsconcept.com\/de\/wp-json\/wp\/v2\/pages\/8434","targetHints":{"allow":["GET"]}}],"collection":[{"href":"https:\/\/www.scsconcept.com\/de\/wp-json\/wp\/v2\/pages"}],"about":[{"href":"https:\/\/www.scsconcept.com\/de\/wp-json\/wp\/v2\/types\/page"}],"author":[{"embeddable":true,"href":"https:\/\/www.scsconcept.com\/de\/wp-json\/wp\/v2\/users\/5"}],"replies":[{"embeddable":true,"href":"https:\/\/www.scsconcept.com\/de\/wp-json\/wp\/v2\/comments?post=8434"}],"version-history":[{"count":6,"href":"https:\/\/www.scsconcept.com\/de\/wp-json\/wp\/v2\/pages\/8434\/revisions"}],"predecessor-version":[{"id":24651,"href":"https:\/\/www.scsconcept.com\/de\/wp-json\/wp\/v2\/pages\/8434\/revisions\/24651"}],"wp:attachment":[{"href":"https:\/\/www.scsconcept.com\/de\/wp-json\/wp\/v2\/media?parent=8434"}],"curies":[{"name":"wp","href":"https:\/\/api.w.org\/{rel}","templated":true}]}}